{"id":8370,"date":"2023-04-17T16:02:38","date_gmt":"2023-04-17T14:02:38","guid":{"rendered":"https:\/\/shop.slatnar.dev.wordpress.optiweb.si\/?post_type=product&#038;p=8370"},"modified":"2023-05-30T13:53:10","modified_gmt":"2023-05-30T11:53:10","slug":"uvex-race-zelena","status":"publish","type":"product","link":"https:\/\/shop.slatnar.dev.wordpress.optiweb.si\/sl\/izdelek\/uvex-race-zelena\/","title":{"rendered":"Uvex Race + Green"},"content":{"rendered":"<p>Lahka in aerodinami\u010dna: \u010delada UVEX za tekme je optimizirana za hitro spu\u0161\u010danje po hribu in je skladna s standardom EN 1077 A. Smu\u010darska \u010delada ustreza novim zahtevam FIS iz leta 2013\/14 in je bila izdelana z najbolj\u0161o tehnologijo, ter je lahko po \u017eelji opremljena z lo\u010deno razpolo\u017eljivo za\u0161\u010dito za brado.<br \/>\nNotranja podloga je protialergijska.<\/p>\n","protected":false},"excerpt":{"rendered":"<p>Lahka in aerodinami\u010dna: \u010delada UVEX za tekme je optimizirana za hitro spu\u0161\u010danje po hribu in je skladna s standardom EN 1077 A. Smu\u010darska \u010delada ustreza novim zahtevam FIS iz leta 2013\/14 in je bila izdelana z najbolj\u0161o tehnologijo, ter je lahko po \u017eelji opremljena z lo\u010deno razpolo\u017eljivo za\u0161\u010dito za brado. Notranja podloga je protialergijska.<\/p>\n","protected":false},"featured_media":8365,"template":"","meta":{"_acf_changed":false},"product_brand":[],"product_cat":[312],"product_tag":[],"class_list":{"0":"post-8370","1":"product","2":"type-product","3":"status-publish","4":"has-post-thumbnail","6":"product_cat-celade","8":"first","9":"instock","10":"sale","11":"taxable","12":"shipping-taxable","13":"purchasable","14":"product-type-variable"},"acf":[],"yoast_head":"<!-- This site is optimized with the Yoast SEO plugin v26.2 - https:\/\/yoast.com\/wordpress\/plugins\/seo\/ -->\n<title>Uvex Race + Green - Slatnar shop<\/title>\n<meta name=\"robots\" content=\"noindex, follow, max-snippet:-1, max-image-preview:large, max-video-preview:-1\" \/>\n<meta property=\"og:locale\" content=\"sl_SI\" \/>\n<meta property=\"og:type\" content=\"article\" \/>\n<meta property=\"og:title\" content=\"Uvex Race + Green - Slatnar shop\" \/>\n<meta property=\"og:description\" content=\"Lahka in aerodinami\u010dna: \u010delada UVEX za tekme je optimizirana za hitro spu\u0161\u010danje po hribu in je skladna s standardom EN 1077 A. Smu\u010darska \u010delada ustreza novim zahtevam FIS iz leta 2013\/14 in je bila izdelana z najbolj\u0161o tehnologijo, ter je lahko po \u017eelji opremljena z lo\u010deno razpolo\u017eljivo za\u0161\u010dito za brado. Notranja podloga je protialergijska.\" \/>\n<meta property=\"og:url\" content=\"https:\/\/shop.slatnar.dev.wordpress.optiweb.si\/sl\/izdelek\/uvex-race-zelena\/\" \/>\n<meta property=\"og:site_name\" content=\"Slatnar shop\" \/>\n<meta property=\"article:modified_time\" content=\"2023-05-30T11:53:10+00:00\" \/>\n<meta property=\"og:image\" content=\"https:\/\/shop.slatnar.dev.wordpress.optiweb.si\/app\/uploads\/2023\/04\/uvex-race-green.jpg\" \/>\n\t<meta property=\"og:image:width\" content=\"1280\" \/>\n\t<meta property=\"og:image:height\" content=\"960\" \/>\n\t<meta property=\"og:image:type\" content=\"image\/jpeg\" \/>\n<meta name=\"twitter:card\" content=\"summary_large_image\" \/>\n<meta name=\"twitter:label1\" content=\"Est. reading time\" \/>\n\t<meta name=\"twitter:data1\" content=\"1 minute\" \/>\n<script type=\"application\/ld+json\" class=\"yoast-schema-graph\">{\"@context\":\"https:\/\/schema.org\",\"@graph\":[{\"@type\":\"WebPage\",\"@id\":\"https:\/\/shop.slatnar.dev.wordpress.optiweb.si\/sl\/izdelek\/uvex-race-zelena\/\",\"url\":\"https:\/\/shop.slatnar.dev.wordpress.optiweb.si\/sl\/izdelek\/uvex-race-zelena\/\",\"name\":\"Uvex Race + Green - Slatnar shop\",\"isPartOf\":{\"@id\":\"https:\/\/shop.slatnar.dev.wordpress.optiweb.si\/#website\"},\"primaryImageOfPage\":{\"@id\":\"https:\/\/shop.slatnar.dev.wordpress.optiweb.si\/sl\/izdelek\/uvex-race-zelena\/#primaryimage\"},\"image\":{\"@id\":\"https:\/\/shop.slatnar.dev.wordpress.optiweb.si\/sl\/izdelek\/uvex-race-zelena\/#primaryimage\"},\"thumbnailUrl\":\"https:\/\/shop.slatnar.dev.wordpress.optiweb.si\/app\/uploads\/2023\/04\/uvex-race-green.jpg\",\"datePublished\":\"2023-04-17T14:02:38+00:00\",\"dateModified\":\"2023-05-30T11:53:10+00:00\",\"breadcrumb\":{\"@id\":\"https:\/\/shop.slatnar.dev.wordpress.optiweb.si\/sl\/izdelek\/uvex-race-zelena\/#breadcrumb\"},\"inLanguage\":\"sl-SI\",\"potentialAction\":[{\"@type\":\"ReadAction\",\"target\":[\"https:\/\/shop.slatnar.dev.wordpress.optiweb.si\/sl\/izdelek\/uvex-race-zelena\/\"]}]},{\"@type\":\"ImageObject\",\"inLanguage\":\"sl-SI\",\"@id\":\"https:\/\/shop.slatnar.dev.wordpress.optiweb.si\/sl\/izdelek\/uvex-race-zelena\/#primaryimage\",\"url\":\"https:\/\/shop.slatnar.dev.wordpress.optiweb.si\/app\/uploads\/2023\/04\/uvex-race-green.jpg\",\"contentUrl\":\"https:\/\/shop.slatnar.dev.wordpress.optiweb.si\/app\/uploads\/2023\/04\/uvex-race-green.jpg\",\"width\":1280,\"height\":960},{\"@type\":\"BreadcrumbList\",\"@id\":\"https:\/\/shop.slatnar.dev.wordpress.optiweb.si\/sl\/izdelek\/uvex-race-zelena\/#breadcrumb\",\"itemListElement\":[{\"@type\":\"ListItem\",\"position\":1,\"name\":\"\",\"item\":\"https:\/\/shop.slatnar.dev.wordpress.optiweb.si\/sl\/\"},{\"@type\":\"ListItem\",\"position\":2,\"name\":\"Products\",\"item\":\"https:\/\/shop.slatnar.dev.wordpress.optiweb.si\/shop\/\"},{\"@type\":\"ListItem\",\"position\":3,\"name\":\"\u010celade in o\u010dala\",\"item\":\"https:\/\/shop.slatnar.dev.wordpress.optiweb.si\/sl\/kategorija-izdelka\/celade-in-ocala\/\"},{\"@type\":\"ListItem\",\"position\":4,\"name\":\"\u010celade\",\"item\":\"https:\/\/shop.slatnar.dev.wordpress.optiweb.si\/sl\/kategorija-izdelka\/celade-in-ocala\/celade\/\"},{\"@type\":\"ListItem\",\"position\":5,\"name\":\"Uvex Race + Green\"}]},{\"@type\":\"WebSite\",\"@id\":\"https:\/\/shop.slatnar.dev.wordpress.optiweb.si\/#website\",\"url\":\"https:\/\/shop.slatnar.dev.wordpress.optiweb.si\/\",\"name\":\"Slatnar shop\",\"description\":\"\",\"publisher\":{\"@id\":\"https:\/\/shop.slatnar.dev.wordpress.optiweb.si\/#organization\"},\"potentialAction\":[{\"@type\":\"SearchAction\",\"target\":{\"@type\":\"EntryPoint\",\"urlTemplate\":\"https:\/\/shop.slatnar.dev.wordpress.optiweb.si\/?s={search_term_string}\"},\"query-input\":{\"@type\":\"PropertyValueSpecification\",\"valueRequired\":true,\"valueName\":\"search_term_string\"}}],\"inLanguage\":\"sl-SI\"},{\"@type\":\"Organization\",\"@id\":\"https:\/\/shop.slatnar.dev.wordpress.optiweb.si\/#organization\",\"name\":\"Slatnar shop\",\"url\":\"https:\/\/shop.slatnar.dev.wordpress.optiweb.si\/\",\"logo\":{\"@type\":\"ImageObject\",\"inLanguage\":\"sl-SI\",\"@id\":\"https:\/\/shop.slatnar.dev.wordpress.optiweb.si\/#\/schema\/logo\/image\/\",\"url\":\"https:\/\/shop.slatnar.dev.wordpress.optiweb.si\/app\/uploads\/2022\/08\/Logotip.svg\",\"contentUrl\":\"https:\/\/shop.slatnar.dev.wordpress.optiweb.si\/app\/uploads\/2022\/08\/Logotip.svg\",\"caption\":\"Slatnar shop\"},\"image\":{\"@id\":\"https:\/\/shop.slatnar.dev.wordpress.optiweb.si\/#\/schema\/logo\/image\/\"}}]}<\/script>\n<!-- \/ Yoast SEO plugin. -->","yoast_head_json":{"title":"Uvex Race + Green - Slatnar shop","robots":{"index":"noindex","follow":"follow","max-snippet":"max-snippet:-1","max-image-preview":"max-image-preview:large","max-video-preview":"max-video-preview:-1"},"og_locale":"sl_SI","og_type":"article","og_title":"Uvex Race + Green - Slatnar shop","og_description":"Lahka in aerodinami\u010dna: \u010delada UVEX za tekme je optimizirana za hitro spu\u0161\u010danje po hribu in je skladna s standardom EN 1077 A. Smu\u010darska \u010delada ustreza novim zahtevam FIS iz leta 2013\/14 in je bila izdelana z najbolj\u0161o tehnologijo, ter je lahko po \u017eelji opremljena z lo\u010deno razpolo\u017eljivo za\u0161\u010dito za brado. Notranja podloga je protialergijska.","og_url":"https:\/\/shop.slatnar.dev.wordpress.optiweb.si\/sl\/izdelek\/uvex-race-zelena\/","og_site_name":"Slatnar shop","article_modified_time":"2023-05-30T11:53:10+00:00","og_image":[{"width":1280,"height":960,"url":"https:\/\/shop.slatnar.dev.wordpress.optiweb.si\/app\/uploads\/2023\/04\/uvex-race-green.jpg","type":"image\/jpeg"}],"twitter_card":"summary_large_image","twitter_misc":{"Est. reading time":"1 minute"},"schema":{"@context":"https:\/\/schema.org","@graph":[{"@type":"WebPage","@id":"https:\/\/shop.slatnar.dev.wordpress.optiweb.si\/sl\/izdelek\/uvex-race-zelena\/","url":"https:\/\/shop.slatnar.dev.wordpress.optiweb.si\/sl\/izdelek\/uvex-race-zelena\/","name":"Uvex Race + Green - Slatnar shop","isPartOf":{"@id":"https:\/\/shop.slatnar.dev.wordpress.optiweb.si\/#website"},"primaryImageOfPage":{"@id":"https:\/\/shop.slatnar.dev.wordpress.optiweb.si\/sl\/izdelek\/uvex-race-zelena\/#primaryimage"},"image":{"@id":"https:\/\/shop.slatnar.dev.wordpress.optiweb.si\/sl\/izdelek\/uvex-race-zelena\/#primaryimage"},"thumbnailUrl":"https:\/\/shop.slatnar.dev.wordpress.optiweb.si\/app\/uploads\/2023\/04\/uvex-race-green.jpg","datePublished":"2023-04-17T14:02:38+00:00","dateModified":"2023-05-30T11:53:10+00:00","breadcrumb":{"@id":"https:\/\/shop.slatnar.dev.wordpress.optiweb.si\/sl\/izdelek\/uvex-race-zelena\/#breadcrumb"},"inLanguage":"sl-SI","potentialAction":[{"@type":"ReadAction","target":["https:\/\/shop.slatnar.dev.wordpress.optiweb.si\/sl\/izdelek\/uvex-race-zelena\/"]}]},{"@type":"ImageObject","inLanguage":"sl-SI","@id":"https:\/\/shop.slatnar.dev.wordpress.optiweb.si\/sl\/izdelek\/uvex-race-zelena\/#primaryimage","url":"https:\/\/shop.slatnar.dev.wordpress.optiweb.si\/app\/uploads\/2023\/04\/uvex-race-green.jpg","contentUrl":"https:\/\/shop.slatnar.dev.wordpress.optiweb.si\/app\/uploads\/2023\/04\/uvex-race-green.jpg","width":1280,"height":960},{"@type":"BreadcrumbList","@id":"https:\/\/shop.slatnar.dev.wordpress.optiweb.si\/sl\/izdelek\/uvex-race-zelena\/#breadcrumb","itemListElement":[{"@type":"ListItem","position":1,"name":"","item":"https:\/\/shop.slatnar.dev.wordpress.optiweb.si\/sl\/"},{"@type":"ListItem","position":2,"name":"Products","item":"https:\/\/shop.slatnar.dev.wordpress.optiweb.si\/shop\/"},{"@type":"ListItem","position":3,"name":"\u010celade in o\u010dala","item":"https:\/\/shop.slatnar.dev.wordpress.optiweb.si\/sl\/kategorija-izdelka\/celade-in-ocala\/"},{"@type":"ListItem","position":4,"name":"\u010celade","item":"https:\/\/shop.slatnar.dev.wordpress.optiweb.si\/sl\/kategorija-izdelka\/celade-in-ocala\/celade\/"},{"@type":"ListItem","position":5,"name":"Uvex Race + Green"}]},{"@type":"WebSite","@id":"https:\/\/shop.slatnar.dev.wordpress.optiweb.si\/#website","url":"https:\/\/shop.slatnar.dev.wordpress.optiweb.si\/","name":"Slatnar shop","description":"","publisher":{"@id":"https:\/\/shop.slatnar.dev.wordpress.optiweb.si\/#organization"},"potentialAction":[{"@type":"SearchAction","target":{"@type":"EntryPoint","urlTemplate":"https:\/\/shop.slatnar.dev.wordpress.optiweb.si\/?s={search_term_string}"},"query-input":{"@type":"PropertyValueSpecification","valueRequired":true,"valueName":"search_term_string"}}],"inLanguage":"sl-SI"},{"@type":"Organization","@id":"https:\/\/shop.slatnar.dev.wordpress.optiweb.si\/#organization","name":"Slatnar shop","url":"https:\/\/shop.slatnar.dev.wordpress.optiweb.si\/","logo":{"@type":"ImageObject","inLanguage":"sl-SI","@id":"https:\/\/shop.slatnar.dev.wordpress.optiweb.si\/#\/schema\/logo\/image\/","url":"https:\/\/shop.slatnar.dev.wordpress.optiweb.si\/app\/uploads\/2022\/08\/Logotip.svg","contentUrl":"https:\/\/shop.slatnar.dev.wordpress.optiweb.si\/app\/uploads\/2022\/08\/Logotip.svg","caption":"Slatnar shop"},"image":{"@id":"https:\/\/shop.slatnar.dev.wordpress.optiweb.si\/#\/schema\/logo\/image\/"}}]}},"_links":{"self":[{"href":"https:\/\/shop.slatnar.dev.wordpress.optiweb.si\/sl\/wp-json\/wp\/v2\/product\/8370","targetHints":{"allow":["GET"]}}],"collection":[{"href":"https:\/\/shop.slatnar.dev.wordpress.optiweb.si\/sl\/wp-json\/wp\/v2\/product"}],"about":[{"href":"https:\/\/shop.slatnar.dev.wordpress.optiweb.si\/sl\/wp-json\/wp\/v2\/types\/product"}],"wp:featuredmedia":[{"embeddable":true,"href":"https:\/\/shop.slatnar.dev.wordpress.optiweb.si\/sl\/wp-json\/wp\/v2\/media\/8365"}],"wp:attachment":[{"href":"https:\/\/shop.slatnar.dev.wordpress.optiweb.si\/sl\/wp-json\/wp\/v2\/media?parent=8370"}],"wp:term":[{"taxonomy":"product_brand","embeddable":true,"href":"https:\/\/shop.slatnar.dev.wordpress.optiweb.si\/sl\/wp-json\/wp\/v2\/product_brand?post=8370"},{"taxonomy":"product_cat","embeddable":true,"href":"https:\/\/shop.slatnar.dev.wordpress.optiweb.si\/sl\/wp-json\/wp\/v2\/product_cat?post=8370"},{"taxonomy":"product_tag","embeddable":true,"href":"https:\/\/shop.slatnar.dev.wordpress.optiweb.si\/sl\/wp-json\/wp\/v2\/product_tag?post=8370"}],"curies":[{"name":"wp","href":"https:\/\/api.w.org\/{rel}","templated":true}]}}