{"id":2980,"date":"2022-08-24T20:18:27","date_gmt":"2022-08-24T18:18:27","guid":{"rendered":"https:\/\/shop.slatnar.dev.wordpress.optiweb.si\/product\/jets-360-carbon\/"},"modified":"2024-01-19T02:10:34","modified_gmt":"2024-01-19T01:10:34","slug":"jets-360-carbon","status":"publish","type":"product","link":"https:\/\/shop.slatnar.dev.wordpress.optiweb.si\/sl\/izdelek\/jets-360-carbon\/","title":{"rendered":"Jets 360\u00b0 Karbon"},"content":{"rendered":"","protected":false},"excerpt":{"rendered":"<h5>Velikosti zagozd:<\/h5>\n<ul>\n<li>\n<h5><strong>velikost A:<\/strong> Upo\u0161tevajte, da se je zaradi nedavno sprejetih <span style=\"color: #009fe3\"><a style=\"color: #009fe3\" href=\"https:\/\/www.slatnar.com\/sl\/novice\/spremembe-in-posodobitve-opreme-na-sestanku-odbora-za-smucarske-skoke-fis-v-dubrovniku\/\" target=\"_blank\" rel=\"noopener\">prilagoditev opreme<\/a><\/span> velikost A trajno spremenila na 30 mm.<\/h5>\n<\/li>\n<li>\n<h5><strong>velikost D:<\/strong> 235 mm<\/h5>\n<\/li>\n<\/ul>\n<h5>Po pravilih FIS je najve\u010dja velikost A 30, najve\u010dja velikost D je 235<\/h5>\n<h5>Karbon na zunanji strani za \u010dvrstost in podporo<em>.<\/em><\/h5>\n","protected":false},"featured_media":7079,"template":"","meta":{"_acf_changed":false},"product_brand":[],"product_cat":[332],"product_tag":[],"class_list":{"0":"post-2980","1":"product","2":"type-product","3":"status-publish","4":"has-post-thumbnail","6":"product_cat-dodatki-za-cevlje","8":"first","9":"instock","10":"sale","11":"taxable","12":"shipping-taxable","13":"purchasable","14":"product-type-variable"},"acf":[],"yoast_head":"<!-- This site is optimized with the Yoast SEO plugin v26.2 - https:\/\/yoast.com\/wordpress\/plugins\/seo\/ -->\n<title>Jets 360\u00b0 Karbon - Slatnar shop<\/title>\n<meta name=\"robots\" content=\"noindex, follow, max-snippet:-1, max-image-preview:large, max-video-preview:-1\" \/>\n<meta property=\"og:locale\" content=\"sl_SI\" \/>\n<meta property=\"og:type\" content=\"article\" \/>\n<meta property=\"og:title\" content=\"Jets 360\u00b0 Karbon - Slatnar shop\" \/>\n<meta property=\"og:description\" content=\"Velikosti zagozd:    velikost A: Upo\u0161tevajte, da se je zaradi nedavno sprejetih prilagoditev opreme velikost A trajno spremenila na 30 mm.    velikost D: 235 mm   Po pravilih FIS je najve\u010dja velikost A 30, najve\u010dja velikost D je 235 Karbon na zunanji strani za \u010dvrstost in podporo.\" \/>\n<meta property=\"og:url\" content=\"https:\/\/shop.slatnar.dev.wordpress.optiweb.si\/sl\/izdelek\/jets-360-carbon\/\" \/>\n<meta property=\"og:site_name\" content=\"Slatnar shop\" \/>\n<meta property=\"article:modified_time\" content=\"2024-01-19T01:10:34+00:00\" \/>\n<meta property=\"og:image\" content=\"https:\/\/shop.slatnar.dev.wordpress.optiweb.si\/app\/uploads\/2022\/08\/BIACCE023-1.jpg\" \/>\n\t<meta property=\"og:image:width\" content=\"1280\" \/>\n\t<meta property=\"og:image:height\" content=\"960\" \/>\n\t<meta property=\"og:image:type\" content=\"image\/jpeg\" \/>\n<meta name=\"twitter:card\" content=\"summary_large_image\" \/>\n<script type=\"application\/ld+json\" class=\"yoast-schema-graph\">{\"@context\":\"https:\/\/schema.org\",\"@graph\":[{\"@type\":\"WebPage\",\"@id\":\"https:\/\/shop.slatnar.dev.wordpress.optiweb.si\/sl\/izdelek\/jets-360-carbon\/\",\"url\":\"https:\/\/shop.slatnar.dev.wordpress.optiweb.si\/sl\/izdelek\/jets-360-carbon\/\",\"name\":\"Jets 360\u00b0 Karbon - Slatnar shop\",\"isPartOf\":{\"@id\":\"https:\/\/shop.slatnar.dev.wordpress.optiweb.si\/#website\"},\"primaryImageOfPage\":{\"@id\":\"https:\/\/shop.slatnar.dev.wordpress.optiweb.si\/sl\/izdelek\/jets-360-carbon\/#primaryimage\"},\"image\":{\"@id\":\"https:\/\/shop.slatnar.dev.wordpress.optiweb.si\/sl\/izdelek\/jets-360-carbon\/#primaryimage\"},\"thumbnailUrl\":\"https:\/\/shop.slatnar.dev.wordpress.optiweb.si\/app\/uploads\/2022\/08\/BIACCE023-1.jpg\",\"datePublished\":\"2022-08-24T18:18:27+00:00\",\"dateModified\":\"2024-01-19T01:10:34+00:00\",\"breadcrumb\":{\"@id\":\"https:\/\/shop.slatnar.dev.wordpress.optiweb.si\/sl\/izdelek\/jets-360-carbon\/#breadcrumb\"},\"inLanguage\":\"sl-SI\",\"potentialAction\":[{\"@type\":\"ReadAction\",\"target\":[\"https:\/\/shop.slatnar.dev.wordpress.optiweb.si\/sl\/izdelek\/jets-360-carbon\/\"]}]},{\"@type\":\"ImageObject\",\"inLanguage\":\"sl-SI\",\"@id\":\"https:\/\/shop.slatnar.dev.wordpress.optiweb.si\/sl\/izdelek\/jets-360-carbon\/#primaryimage\",\"url\":\"https:\/\/shop.slatnar.dev.wordpress.optiweb.si\/app\/uploads\/2022\/08\/BIACCE023-1.jpg\",\"contentUrl\":\"https:\/\/shop.slatnar.dev.wordpress.optiweb.si\/app\/uploads\/2022\/08\/BIACCE023-1.jpg\",\"width\":1280,\"height\":960},{\"@type\":\"BreadcrumbList\",\"@id\":\"https:\/\/shop.slatnar.dev.wordpress.optiweb.si\/sl\/izdelek\/jets-360-carbon\/#breadcrumb\",\"itemListElement\":[{\"@type\":\"ListItem\",\"position\":1,\"name\":\"\",\"item\":\"https:\/\/shop.slatnar.dev.wordpress.optiweb.si\/sl\/\"},{\"@type\":\"ListItem\",\"position\":2,\"name\":\"Products\",\"item\":\"https:\/\/shop.slatnar.dev.wordpress.optiweb.si\/shop\/\"},{\"@type\":\"ListItem\",\"position\":3,\"name\":\"Skakalni \u010devlji\",\"item\":\"https:\/\/shop.slatnar.dev.wordpress.optiweb.si\/sl\/kategorija-izdelka\/skakalni-cevlji\/\"},{\"@type\":\"ListItem\",\"position\":4,\"name\":\"Dodatki za \u010devlje\",\"item\":\"https:\/\/shop.slatnar.dev.wordpress.optiweb.si\/sl\/kategorija-izdelka\/skakalni-cevlji\/dodatki-za-cevlje\/\"},{\"@type\":\"ListItem\",\"position\":5,\"name\":\"Jets 360\u00b0 Karbon\"}]},{\"@type\":\"WebSite\",\"@id\":\"https:\/\/shop.slatnar.dev.wordpress.optiweb.si\/#website\",\"url\":\"https:\/\/shop.slatnar.dev.wordpress.optiweb.si\/\",\"name\":\"Slatnar shop\",\"description\":\"\",\"publisher\":{\"@id\":\"https:\/\/shop.slatnar.dev.wordpress.optiweb.si\/#organization\"},\"potentialAction\":[{\"@type\":\"SearchAction\",\"target\":{\"@type\":\"EntryPoint\",\"urlTemplate\":\"https:\/\/shop.slatnar.dev.wordpress.optiweb.si\/?s={search_term_string}\"},\"query-input\":{\"@type\":\"PropertyValueSpecification\",\"valueRequired\":true,\"valueName\":\"search_term_string\"}}],\"inLanguage\":\"sl-SI\"},{\"@type\":\"Organization\",\"@id\":\"https:\/\/shop.slatnar.dev.wordpress.optiweb.si\/#organization\",\"name\":\"Slatnar shop\",\"url\":\"https:\/\/shop.slatnar.dev.wordpress.optiweb.si\/\",\"logo\":{\"@type\":\"ImageObject\",\"inLanguage\":\"sl-SI\",\"@id\":\"https:\/\/shop.slatnar.dev.wordpress.optiweb.si\/#\/schema\/logo\/image\/\",\"url\":\"https:\/\/shop.slatnar.dev.wordpress.optiweb.si\/app\/uploads\/2022\/08\/Logotip.svg\",\"contentUrl\":\"https:\/\/shop.slatnar.dev.wordpress.optiweb.si\/app\/uploads\/2022\/08\/Logotip.svg\",\"caption\":\"Slatnar shop\"},\"image\":{\"@id\":\"https:\/\/shop.slatnar.dev.wordpress.optiweb.si\/#\/schema\/logo\/image\/\"}}]}<\/script>\n<!-- \/ Yoast SEO plugin. -->","yoast_head_json":{"title":"Jets 360\u00b0 Karbon - Slatnar shop","robots":{"index":"noindex","follow":"follow","max-snippet":"max-snippet:-1","max-image-preview":"max-image-preview:large","max-video-preview":"max-video-preview:-1"},"og_locale":"sl_SI","og_type":"article","og_title":"Jets 360\u00b0 Karbon - Slatnar shop","og_description":"Velikosti zagozd:    velikost A: Upo\u0161tevajte, da se je zaradi nedavno sprejetih prilagoditev opreme velikost A trajno spremenila na 30 mm.    velikost D: 235 mm   Po pravilih FIS je najve\u010dja velikost A 30, najve\u010dja velikost D je 235 Karbon na zunanji strani za \u010dvrstost in podporo.","og_url":"https:\/\/shop.slatnar.dev.wordpress.optiweb.si\/sl\/izdelek\/jets-360-carbon\/","og_site_name":"Slatnar shop","article_modified_time":"2024-01-19T01:10:34+00:00","og_image":[{"width":1280,"height":960,"url":"https:\/\/shop.slatnar.dev.wordpress.optiweb.si\/app\/uploads\/2022\/08\/BIACCE023-1.jpg","type":"image\/jpeg"}],"twitter_card":"summary_large_image","schema":{"@context":"https:\/\/schema.org","@graph":[{"@type":"WebPage","@id":"https:\/\/shop.slatnar.dev.wordpress.optiweb.si\/sl\/izdelek\/jets-360-carbon\/","url":"https:\/\/shop.slatnar.dev.wordpress.optiweb.si\/sl\/izdelek\/jets-360-carbon\/","name":"Jets 360\u00b0 Karbon - Slatnar shop","isPartOf":{"@id":"https:\/\/shop.slatnar.dev.wordpress.optiweb.si\/#website"},"primaryImageOfPage":{"@id":"https:\/\/shop.slatnar.dev.wordpress.optiweb.si\/sl\/izdelek\/jets-360-carbon\/#primaryimage"},"image":{"@id":"https:\/\/shop.slatnar.dev.wordpress.optiweb.si\/sl\/izdelek\/jets-360-carbon\/#primaryimage"},"thumbnailUrl":"https:\/\/shop.slatnar.dev.wordpress.optiweb.si\/app\/uploads\/2022\/08\/BIACCE023-1.jpg","datePublished":"2022-08-24T18:18:27+00:00","dateModified":"2024-01-19T01:10:34+00:00","breadcrumb":{"@id":"https:\/\/shop.slatnar.dev.wordpress.optiweb.si\/sl\/izdelek\/jets-360-carbon\/#breadcrumb"},"inLanguage":"sl-SI","potentialAction":[{"@type":"ReadAction","target":["https:\/\/shop.slatnar.dev.wordpress.optiweb.si\/sl\/izdelek\/jets-360-carbon\/"]}]},{"@type":"ImageObject","inLanguage":"sl-SI","@id":"https:\/\/shop.slatnar.dev.wordpress.optiweb.si\/sl\/izdelek\/jets-360-carbon\/#primaryimage","url":"https:\/\/shop.slatnar.dev.wordpress.optiweb.si\/app\/uploads\/2022\/08\/BIACCE023-1.jpg","contentUrl":"https:\/\/shop.slatnar.dev.wordpress.optiweb.si\/app\/uploads\/2022\/08\/BIACCE023-1.jpg","width":1280,"height":960},{"@type":"BreadcrumbList","@id":"https:\/\/shop.slatnar.dev.wordpress.optiweb.si\/sl\/izdelek\/jets-360-carbon\/#breadcrumb","itemListElement":[{"@type":"ListItem","position":1,"name":"","item":"https:\/\/shop.slatnar.dev.wordpress.optiweb.si\/sl\/"},{"@type":"ListItem","position":2,"name":"Products","item":"https:\/\/shop.slatnar.dev.wordpress.optiweb.si\/shop\/"},{"@type":"ListItem","position":3,"name":"Skakalni \u010devlji","item":"https:\/\/shop.slatnar.dev.wordpress.optiweb.si\/sl\/kategorija-izdelka\/skakalni-cevlji\/"},{"@type":"ListItem","position":4,"name":"Dodatki za \u010devlje","item":"https:\/\/shop.slatnar.dev.wordpress.optiweb.si\/sl\/kategorija-izdelka\/skakalni-cevlji\/dodatki-za-cevlje\/"},{"@type":"ListItem","position":5,"name":"Jets 360\u00b0 Karbon"}]},{"@type":"WebSite","@id":"https:\/\/shop.slatnar.dev.wordpress.optiweb.si\/#website","url":"https:\/\/shop.slatnar.dev.wordpress.optiweb.si\/","name":"Slatnar shop","description":"","publisher":{"@id":"https:\/\/shop.slatnar.dev.wordpress.optiweb.si\/#organization"},"potentialAction":[{"@type":"SearchAction","target":{"@type":"EntryPoint","urlTemplate":"https:\/\/shop.slatnar.dev.wordpress.optiweb.si\/?s={search_term_string}"},"query-input":{"@type":"PropertyValueSpecification","valueRequired":true,"valueName":"search_term_string"}}],"inLanguage":"sl-SI"},{"@type":"Organization","@id":"https:\/\/shop.slatnar.dev.wordpress.optiweb.si\/#organization","name":"Slatnar shop","url":"https:\/\/shop.slatnar.dev.wordpress.optiweb.si\/","logo":{"@type":"ImageObject","inLanguage":"sl-SI","@id":"https:\/\/shop.slatnar.dev.wordpress.optiweb.si\/#\/schema\/logo\/image\/","url":"https:\/\/shop.slatnar.dev.wordpress.optiweb.si\/app\/uploads\/2022\/08\/Logotip.svg","contentUrl":"https:\/\/shop.slatnar.dev.wordpress.optiweb.si\/app\/uploads\/2022\/08\/Logotip.svg","caption":"Slatnar shop"},"image":{"@id":"https:\/\/shop.slatnar.dev.wordpress.optiweb.si\/#\/schema\/logo\/image\/"}}]}},"_links":{"self":[{"href":"https:\/\/shop.slatnar.dev.wordpress.optiweb.si\/sl\/wp-json\/wp\/v2\/product\/2980","targetHints":{"allow":["GET"]}}],"collection":[{"href":"https:\/\/shop.slatnar.dev.wordpress.optiweb.si\/sl\/wp-json\/wp\/v2\/product"}],"about":[{"href":"https:\/\/shop.slatnar.dev.wordpress.optiweb.si\/sl\/wp-json\/wp\/v2\/types\/product"}],"wp:featuredmedia":[{"embeddable":true,"href":"https:\/\/shop.slatnar.dev.wordpress.optiweb.si\/sl\/wp-json\/wp\/v2\/media\/7079"}],"wp:attachment":[{"href":"https:\/\/shop.slatnar.dev.wordpress.optiweb.si\/sl\/wp-json\/wp\/v2\/media?parent=2980"}],"wp:term":[{"taxonomy":"product_brand","embeddable":true,"href":"https:\/\/shop.slatnar.dev.wordpress.optiweb.si\/sl\/wp-json\/wp\/v2\/product_brand?post=2980"},{"taxonomy":"product_cat","embeddable":true,"href":"https:\/\/shop.slatnar.dev.wordpress.optiweb.si\/sl\/wp-json\/wp\/v2\/product_cat?post=2980"},{"taxonomy":"product_tag","embeddable":true,"href":"https:\/\/shop.slatnar.dev.wordpress.optiweb.si\/sl\/wp-json\/wp\/v2\/product_tag?post=2980"}],"curies":[{"name":"wp","href":"https:\/\/api.w.org\/{rel}","templated":true}]}}