{"id":10328,"date":"2023-06-30T14:06:29","date_gmt":"2023-06-30T12:06:29","guid":{"rendered":"https:\/\/shop.slatnar.dev.wordpress.optiweb.si\/?post_type=product&#038;p=10328"},"modified":"2023-06-30T14:06:35","modified_gmt":"2023-06-30T12:06:35","slug":"skiman-ski-vise-pro-wide-opening","status":"publish","type":"product","link":"https:\/\/shop.slatnar.dev.wordpress.optiweb.si\/sl\/izdelek\/skiman-ski-vise-pro-wide-opening\/","title":{"rendered":"SKIMAN Ski Vise PRO Wide Opening"},"content":{"rendered":"","protected":false},"excerpt":{"rendered":"<ul>\n<li>\u0160irina: 90 mm<\/li>\n<li>Odpiranje : do 155 mm<\/li>\n<li>Telo iz visokotrdnega aluminija<\/li>\n<li>Za nastavitev vseh vrst in oblik smu\u010di<\/li>\n<li>Prilo\u017eena 2 zavorna dr\u017eala<\/li>\n<\/ul>\n","protected":false},"featured_media":10326,"template":"","meta":{"_acf_changed":false},"product_brand":[],"product_cat":[360],"product_tag":[],"class_list":{"0":"post-10328","1":"product","2":"type-product","3":"status-publish","4":"has-post-thumbnail","6":"product_cat-primezi-in-mize","8":"first","9":"instock","10":"taxable","11":"shipping-taxable","12":"purchasable","13":"product-type-simple"},"acf":[],"yoast_head":"<!-- This site is optimized with the Yoast SEO plugin v26.2 - https:\/\/yoast.com\/wordpress\/plugins\/seo\/ -->\n<title>SKIMAN Ski Vise PRO Wide Opening - Slatnar shop<\/title>\n<meta name=\"robots\" content=\"noindex, follow, max-snippet:-1, max-image-preview:large, max-video-preview:-1\" \/>\n<meta property=\"og:locale\" content=\"sl_SI\" \/>\n<meta property=\"og:type\" content=\"article\" \/>\n<meta property=\"og:title\" content=\"SKIMAN Ski Vise PRO Wide Opening - Slatnar shop\" \/>\n<meta property=\"og:description\" content=\"\u0160irina: 90 mm  Odpiranje : do 155 mm  Telo iz visokotrdnega aluminija  Za nastavitev vseh vrst in oblik smu\u010di  Prilo\u017eena 2 zavorna dr\u017eala\" \/>\n<meta property=\"og:url\" content=\"https:\/\/shop.slatnar.dev.wordpress.optiweb.si\/sl\/izdelek\/skiman-ski-vise-pro-wide-opening\/\" \/>\n<meta property=\"og:site_name\" content=\"Slatnar shop\" \/>\n<meta property=\"article:modified_time\" content=\"2023-06-30T12:06:35+00:00\" \/>\n<meta property=\"og:image\" content=\"https:\/\/shop.slatnar.dev.wordpress.optiweb.si\/app\/uploads\/2023\/06\/SKIMAN_ski_vise_PRO_wide.jpg\" \/>\n\t<meta property=\"og:image:width\" content=\"745\" \/>\n\t<meta property=\"og:image:height\" content=\"465\" \/>\n\t<meta property=\"og:image:type\" content=\"image\/jpeg\" \/>\n<meta name=\"twitter:card\" content=\"summary_large_image\" \/>\n<script type=\"application\/ld+json\" class=\"yoast-schema-graph\">{\"@context\":\"https:\/\/schema.org\",\"@graph\":[{\"@type\":\"WebPage\",\"@id\":\"https:\/\/shop.slatnar.dev.wordpress.optiweb.si\/sl\/izdelek\/skiman-ski-vise-pro-wide-opening\/\",\"url\":\"https:\/\/shop.slatnar.dev.wordpress.optiweb.si\/sl\/izdelek\/skiman-ski-vise-pro-wide-opening\/\",\"name\":\"SKIMAN Ski Vise PRO Wide Opening - Slatnar shop\",\"isPartOf\":{\"@id\":\"https:\/\/shop.slatnar.dev.wordpress.optiweb.si\/#website\"},\"primaryImageOfPage\":{\"@id\":\"https:\/\/shop.slatnar.dev.wordpress.optiweb.si\/sl\/izdelek\/skiman-ski-vise-pro-wide-opening\/#primaryimage\"},\"image\":{\"@id\":\"https:\/\/shop.slatnar.dev.wordpress.optiweb.si\/sl\/izdelek\/skiman-ski-vise-pro-wide-opening\/#primaryimage\"},\"thumbnailUrl\":\"https:\/\/shop.slatnar.dev.wordpress.optiweb.si\/app\/uploads\/2023\/06\/SKIMAN_ski_vise_PRO_wide.jpg\",\"datePublished\":\"2023-06-30T12:06:29+00:00\",\"dateModified\":\"2023-06-30T12:06:35+00:00\",\"breadcrumb\":{\"@id\":\"https:\/\/shop.slatnar.dev.wordpress.optiweb.si\/sl\/izdelek\/skiman-ski-vise-pro-wide-opening\/#breadcrumb\"},\"inLanguage\":\"sl-SI\",\"potentialAction\":[{\"@type\":\"ReadAction\",\"target\":[\"https:\/\/shop.slatnar.dev.wordpress.optiweb.si\/sl\/izdelek\/skiman-ski-vise-pro-wide-opening\/\"]}]},{\"@type\":\"ImageObject\",\"inLanguage\":\"sl-SI\",\"@id\":\"https:\/\/shop.slatnar.dev.wordpress.optiweb.si\/sl\/izdelek\/skiman-ski-vise-pro-wide-opening\/#primaryimage\",\"url\":\"https:\/\/shop.slatnar.dev.wordpress.optiweb.si\/app\/uploads\/2023\/06\/SKIMAN_ski_vise_PRO_wide.jpg\",\"contentUrl\":\"https:\/\/shop.slatnar.dev.wordpress.optiweb.si\/app\/uploads\/2023\/06\/SKIMAN_ski_vise_PRO_wide.jpg\",\"width\":745,\"height\":465},{\"@type\":\"BreadcrumbList\",\"@id\":\"https:\/\/shop.slatnar.dev.wordpress.optiweb.si\/sl\/izdelek\/skiman-ski-vise-pro-wide-opening\/#breadcrumb\",\"itemListElement\":[{\"@type\":\"ListItem\",\"position\":1,\"name\":\"\",\"item\":\"https:\/\/shop.slatnar.dev.wordpress.optiweb.si\/sl\/\"},{\"@type\":\"ListItem\",\"position\":2,\"name\":\"Products\",\"item\":\"https:\/\/shop.slatnar.dev.wordpress.optiweb.si\/shop\/\"},{\"@type\":\"ListItem\",\"position\":3,\"name\":\"Voski in oprema za servis\",\"item\":\"https:\/\/shop.slatnar.dev.wordpress.optiweb.si\/sl\/kategorija-izdelka\/voski-in-oprema-za-servis\/\"},{\"@type\":\"ListItem\",\"position\":4,\"name\":\"Monta\u017ea vezi\",\"item\":\"https:\/\/shop.slatnar.dev.wordpress.optiweb.si\/sl\/kategorija-izdelka\/voski-in-oprema-za-servis\/montaza-vezi\/\"},{\"@type\":\"ListItem\",\"position\":5,\"name\":\"Prime\u017ei in mize\",\"item\":\"https:\/\/shop.slatnar.dev.wordpress.optiweb.si\/sl\/kategorija-izdelka\/voski-in-oprema-za-servis\/montaza-vezi\/primezi-in-mize\/\"},{\"@type\":\"ListItem\",\"position\":6,\"name\":\"SKIMAN Ski Vise PRO Wide Opening\"}]},{\"@type\":\"WebSite\",\"@id\":\"https:\/\/shop.slatnar.dev.wordpress.optiweb.si\/#website\",\"url\":\"https:\/\/shop.slatnar.dev.wordpress.optiweb.si\/\",\"name\":\"Slatnar shop\",\"description\":\"\",\"publisher\":{\"@id\":\"https:\/\/shop.slatnar.dev.wordpress.optiweb.si\/#organization\"},\"potentialAction\":[{\"@type\":\"SearchAction\",\"target\":{\"@type\":\"EntryPoint\",\"urlTemplate\":\"https:\/\/shop.slatnar.dev.wordpress.optiweb.si\/?s={search_term_string}\"},\"query-input\":{\"@type\":\"PropertyValueSpecification\",\"valueRequired\":true,\"valueName\":\"search_term_string\"}}],\"inLanguage\":\"sl-SI\"},{\"@type\":\"Organization\",\"@id\":\"https:\/\/shop.slatnar.dev.wordpress.optiweb.si\/#organization\",\"name\":\"Slatnar shop\",\"url\":\"https:\/\/shop.slatnar.dev.wordpress.optiweb.si\/\",\"logo\":{\"@type\":\"ImageObject\",\"inLanguage\":\"sl-SI\",\"@id\":\"https:\/\/shop.slatnar.dev.wordpress.optiweb.si\/#\/schema\/logo\/image\/\",\"url\":\"https:\/\/shop.slatnar.dev.wordpress.optiweb.si\/app\/uploads\/2022\/08\/Logotip.svg\",\"contentUrl\":\"https:\/\/shop.slatnar.dev.wordpress.optiweb.si\/app\/uploads\/2022\/08\/Logotip.svg\",\"caption\":\"Slatnar shop\"},\"image\":{\"@id\":\"https:\/\/shop.slatnar.dev.wordpress.optiweb.si\/#\/schema\/logo\/image\/\"}}]}<\/script>\n<!-- \/ Yoast SEO plugin. -->","yoast_head_json":{"title":"SKIMAN Ski Vise PRO Wide Opening - Slatnar shop","robots":{"index":"noindex","follow":"follow","max-snippet":"max-snippet:-1","max-image-preview":"max-image-preview:large","max-video-preview":"max-video-preview:-1"},"og_locale":"sl_SI","og_type":"article","og_title":"SKIMAN Ski Vise PRO Wide Opening - Slatnar shop","og_description":"\u0160irina: 90 mm  Odpiranje : do 155 mm  Telo iz visokotrdnega aluminija  Za nastavitev vseh vrst in oblik smu\u010di  Prilo\u017eena 2 zavorna dr\u017eala","og_url":"https:\/\/shop.slatnar.dev.wordpress.optiweb.si\/sl\/izdelek\/skiman-ski-vise-pro-wide-opening\/","og_site_name":"Slatnar shop","article_modified_time":"2023-06-30T12:06:35+00:00","og_image":[{"width":745,"height":465,"url":"https:\/\/shop.slatnar.dev.wordpress.optiweb.si\/app\/uploads\/2023\/06\/SKIMAN_ski_vise_PRO_wide.jpg","type":"image\/jpeg"}],"twitter_card":"summary_large_image","schema":{"@context":"https:\/\/schema.org","@graph":[{"@type":"WebPage","@id":"https:\/\/shop.slatnar.dev.wordpress.optiweb.si\/sl\/izdelek\/skiman-ski-vise-pro-wide-opening\/","url":"https:\/\/shop.slatnar.dev.wordpress.optiweb.si\/sl\/izdelek\/skiman-ski-vise-pro-wide-opening\/","name":"SKIMAN Ski Vise PRO Wide Opening - Slatnar shop","isPartOf":{"@id":"https:\/\/shop.slatnar.dev.wordpress.optiweb.si\/#website"},"primaryImageOfPage":{"@id":"https:\/\/shop.slatnar.dev.wordpress.optiweb.si\/sl\/izdelek\/skiman-ski-vise-pro-wide-opening\/#primaryimage"},"image":{"@id":"https:\/\/shop.slatnar.dev.wordpress.optiweb.si\/sl\/izdelek\/skiman-ski-vise-pro-wide-opening\/#primaryimage"},"thumbnailUrl":"https:\/\/shop.slatnar.dev.wordpress.optiweb.si\/app\/uploads\/2023\/06\/SKIMAN_ski_vise_PRO_wide.jpg","datePublished":"2023-06-30T12:06:29+00:00","dateModified":"2023-06-30T12:06:35+00:00","breadcrumb":{"@id":"https:\/\/shop.slatnar.dev.wordpress.optiweb.si\/sl\/izdelek\/skiman-ski-vise-pro-wide-opening\/#breadcrumb"},"inLanguage":"sl-SI","potentialAction":[{"@type":"ReadAction","target":["https:\/\/shop.slatnar.dev.wordpress.optiweb.si\/sl\/izdelek\/skiman-ski-vise-pro-wide-opening\/"]}]},{"@type":"ImageObject","inLanguage":"sl-SI","@id":"https:\/\/shop.slatnar.dev.wordpress.optiweb.si\/sl\/izdelek\/skiman-ski-vise-pro-wide-opening\/#primaryimage","url":"https:\/\/shop.slatnar.dev.wordpress.optiweb.si\/app\/uploads\/2023\/06\/SKIMAN_ski_vise_PRO_wide.jpg","contentUrl":"https:\/\/shop.slatnar.dev.wordpress.optiweb.si\/app\/uploads\/2023\/06\/SKIMAN_ski_vise_PRO_wide.jpg","width":745,"height":465},{"@type":"BreadcrumbList","@id":"https:\/\/shop.slatnar.dev.wordpress.optiweb.si\/sl\/izdelek\/skiman-ski-vise-pro-wide-opening\/#breadcrumb","itemListElement":[{"@type":"ListItem","position":1,"name":"","item":"https:\/\/shop.slatnar.dev.wordpress.optiweb.si\/sl\/"},{"@type":"ListItem","position":2,"name":"Products","item":"https:\/\/shop.slatnar.dev.wordpress.optiweb.si\/shop\/"},{"@type":"ListItem","position":3,"name":"Voski in oprema za servis","item":"https:\/\/shop.slatnar.dev.wordpress.optiweb.si\/sl\/kategorija-izdelka\/voski-in-oprema-za-servis\/"},{"@type":"ListItem","position":4,"name":"Monta\u017ea vezi","item":"https:\/\/shop.slatnar.dev.wordpress.optiweb.si\/sl\/kategorija-izdelka\/voski-in-oprema-za-servis\/montaza-vezi\/"},{"@type":"ListItem","position":5,"name":"Prime\u017ei in mize","item":"https:\/\/shop.slatnar.dev.wordpress.optiweb.si\/sl\/kategorija-izdelka\/voski-in-oprema-za-servis\/montaza-vezi\/primezi-in-mize\/"},{"@type":"ListItem","position":6,"name":"SKIMAN Ski Vise PRO Wide Opening"}]},{"@type":"WebSite","@id":"https:\/\/shop.slatnar.dev.wordpress.optiweb.si\/#website","url":"https:\/\/shop.slatnar.dev.wordpress.optiweb.si\/","name":"Slatnar shop","description":"","publisher":{"@id":"https:\/\/shop.slatnar.dev.wordpress.optiweb.si\/#organization"},"potentialAction":[{"@type":"SearchAction","target":{"@type":"EntryPoint","urlTemplate":"https:\/\/shop.slatnar.dev.wordpress.optiweb.si\/?s={search_term_string}"},"query-input":{"@type":"PropertyValueSpecification","valueRequired":true,"valueName":"search_term_string"}}],"inLanguage":"sl-SI"},{"@type":"Organization","@id":"https:\/\/shop.slatnar.dev.wordpress.optiweb.si\/#organization","name":"Slatnar shop","url":"https:\/\/shop.slatnar.dev.wordpress.optiweb.si\/","logo":{"@type":"ImageObject","inLanguage":"sl-SI","@id":"https:\/\/shop.slatnar.dev.wordpress.optiweb.si\/#\/schema\/logo\/image\/","url":"https:\/\/shop.slatnar.dev.wordpress.optiweb.si\/app\/uploads\/2022\/08\/Logotip.svg","contentUrl":"https:\/\/shop.slatnar.dev.wordpress.optiweb.si\/app\/uploads\/2022\/08\/Logotip.svg","caption":"Slatnar shop"},"image":{"@id":"https:\/\/shop.slatnar.dev.wordpress.optiweb.si\/#\/schema\/logo\/image\/"}}]}},"_links":{"self":[{"href":"https:\/\/shop.slatnar.dev.wordpress.optiweb.si\/sl\/wp-json\/wp\/v2\/product\/10328","targetHints":{"allow":["GET"]}}],"collection":[{"href":"https:\/\/shop.slatnar.dev.wordpress.optiweb.si\/sl\/wp-json\/wp\/v2\/product"}],"about":[{"href":"https:\/\/shop.slatnar.dev.wordpress.optiweb.si\/sl\/wp-json\/wp\/v2\/types\/product"}],"wp:featuredmedia":[{"embeddable":true,"href":"https:\/\/shop.slatnar.dev.wordpress.optiweb.si\/sl\/wp-json\/wp\/v2\/media\/10326"}],"wp:attachment":[{"href":"https:\/\/shop.slatnar.dev.wordpress.optiweb.si\/sl\/wp-json\/wp\/v2\/media?parent=10328"}],"wp:term":[{"taxonomy":"product_brand","embeddable":true,"href":"https:\/\/shop.slatnar.dev.wordpress.optiweb.si\/sl\/wp-json\/wp\/v2\/product_brand?post=10328"},{"taxonomy":"product_cat","embeddable":true,"href":"https:\/\/shop.slatnar.dev.wordpress.optiweb.si\/sl\/wp-json\/wp\/v2\/product_cat?post=10328"},{"taxonomy":"product_tag","embeddable":true,"href":"https:\/\/shop.slatnar.dev.wordpress.optiweb.si\/sl\/wp-json\/wp\/v2\/product_tag?post=10328"}],"curies":[{"name":"wp","href":"https:\/\/api.w.org\/{rel}","templated":true}]}}