{"id":14072,"date":"2024-01-03T14:38:39","date_gmt":"2024-01-03T13:38:39","guid":{"rendered":"https:\/\/shop.slatnar.dev.wordpress.optiweb.si\/pravilnik-povrnitev-vracil\/"},"modified":"2024-01-03T15:29:40","modified_gmt":"2024-01-03T14:29:40","slug":"pravilnik-povrnitev-vracil","status":"publish","type":"page","link":"https:\/\/shop.slatnar.dev.wordpress.optiweb.si\/sl\/pravilnik-povrnitev-vracil\/","title":{"rendered":"Pravilnik povrnitev in vra\u010dil"},"content":{"rendered":"\n<p>Zavedamo se, da v\u010dasih va\u0161 nakup morda ne bo izpolnil va\u0161ih pri\u010dakovanj, zato smo tukaj, da vam omogo\u010dimo \u010dim bolj enostaven postopek vra\u010dila.<\/p>\n\n\n\n<p><strong>Mo\u017enost vrnitve: <\/strong>Na\u0161a politika vra\u010danja omogo\u010da vra\u010dilo v 30 dneh od datuma nakupa. Po tem obdobju \u017eal ne bomo mogli obdelati va\u0161ega vra\u010dila.<\/p>\n\n\n\n<p><strong>Izdelki morajo biti v originalnem stanju: <\/strong>\u010ce \u017eelite vrniti izdelek, mora biti neuporabljen in v enakem stanju, kot ste ga prejeli. Prav tako mora biti v originalni embala\u017ei.<\/p>\n\n\n\n<p><strong>Dokazilo o nakupu: <\/strong>Za izvedbo vra\u010dila potrebujemo ra\u010dun ali dokazilo o nakupu.<\/p>\n\n\n\n<p>Ko bomo prejeli in pregledali va\u0161 vrnjeni izdelek, vam bomo poslali e-po\u0161tno sporo\u010dilo, v katerem vas bomo obvestili, da smo prejeli va\u0161 vrnjeni izdelek. Obvestili vas bomo tudi o odobritvi ali zavrnitvi vra\u010dila.<\/p>\n\n\n\n<p>\u010ce bo vra\u010dilo odobreno, bo obdelano in na va\u0161 ban\u010dni ra\u010dun bo v 14 dneh samodejno nakazano povra\u010dilo.<\/p>\n\n\n\n<h3 class=\"wp-block-heading\"><b>Zamujena ali manjkajo\u010da vra\u010dila<\/b><\/h3>\n\n\n\n<p>\u010ce \u0161e niste prejeli vra\u010dila, najprej \u0161e enkrat preverite svoj ban\u010dni ra\u010dun.<\/p>\n\n\n\n<p>Nato se obrnite na podjetje za izdajo kreditnih kartic, saj lahko traja nekaj \u010dasa, preden bo povra\u010dilo uradno knji\u017eno.<\/p>\n\n\n\n<p>Nato se obrnite na svojo banko. Pogosto traja nekaj \u010dasa, preden je povra\u010dilo knji\u017eeno.<\/p>\n\n\n\n<p>\u010ce ste storili vse to in \u0161e vedno niste prejeli povra\u010dila, se obrnite na nas na naslov info@slatnar.com.<\/p>\n\n\n\n<h2 class=\"wp-block-heading\">Menjava<\/h2>\n\n\n\n<p>Upo\u0161tevajte, da vra\u010damo samo kupnino, zamenjava pa ni mogo\u010da. Va\u0161e vra\u010dilo bo izvedeno neposredno na va\u0161 ban\u010dni ra\u010dun.<\/p>\n\n\n\n<p>\u010ce \u017eelite izdelek vrniti, ga po\u0161ljite na naslov: <strong>Slatnar d.o.o., Ulica Ignaca Bor\u0161tnika 16, 4207 Cerklje na Gorenjskem.<\/strong><\/p>\n\n\n\n<p>Stro\u0161ke po\u0161iljanja za vra\u010dilo izdelka boste pla\u010dali sami. Stro\u0161ki po\u0161iljanja se ne vra\u010dajo.<\/p>\n\n\n\n<p>\u010ce vra\u010date dra\u017eje predmete, razmislite o uporabi storitve za sledenje po\u0161iljk ali sklenitvi zavarovanja po\u0161iljke. Ne jam\u010dimo, da bomo prejeli va\u0161 vrnjeni izdelek.<\/p>\n\n\n\n<h2 class=\"wp-block-heading\">Vra\u010dilo v trgovini<\/h2>\n\n\n\n<p>\u010ce ste nakup opravili prek spleta, lahko izdelke vrnete tudi v na\u0161i prodajalni.<\/p>\n\n\n\n<p>Z vrnjenim blagom prinesite obrazec za vra\u010dilo in dokazilo o nakupu.<\/p>\n\n\n\n<div class=\"wp-block-buttons is-content-justification-center is-layout-flex wp-container-core-buttons-is-layout-a89b3969 wp-block-buttons-is-layout-flex\">\n<div class=\"wp-block-button\"><a class=\"wp-block-button__link\" href=\"https:\/\/shop.slatnar.dev.wordpress.optiweb.si\/app\/uploads\/2024\/01\/OBRAZEC-ZA-VRACILO.pdf\">Obrazec za vra\u010dilo<\/a><\/div>\n<\/div>\n\n\n\n<h2 class=\"wp-block-heading\">Potrebujete pomo\u010d?<\/h2>\n\n\n\n<p>Za vpra\u0161anja v zvezi s povra\u010dili in vra\u010dili nas kontaktirajte na info@slatnar.com<\/p>\n","protected":false},"excerpt":{"rendered":"<p>Zavedamo se, da v\u010dasih va\u0161 nakup morda ne bo izpolnil va\u0161ih pri\u010dakovanj, zato smo tukaj, da vam omogo\u010dimo \u010dim bolj enostaven postopek vra\u010dila. Mo\u017enost vrnitve: Na\u0161a politika vra\u010danja omogo\u010da vra\u010dilo v 30 dneh od datuma nakupa. Po tem obdobju \u017eal ne bomo mogli obdelati va\u0161ega vra\u010dila. Izdelki morajo biti v originalnem stanju: \u010ce \u017eelite vrniti [&hellip;]<\/p>\n","protected":false},"author":1,"featured_media":0,"parent":0,"menu_order":0,"comment_status":"closed","ping_status":"closed","template":"template-homepage.php","meta":{"_acf_changed":false,"footnotes":""},"class_list":["post-14072","page","type-page","status-publish","hentry"],"acf":[],"yoast_head":"<!-- This site is optimized with the Yoast SEO plugin v26.2 - https:\/\/yoast.com\/wordpress\/plugins\/seo\/ -->\n<title>Pravilnik povrnitev in vra\u010dil - Slatnar shop<\/title>\n<meta name=\"robots\" content=\"noindex, follow, max-snippet:-1, max-image-preview:large, max-video-preview:-1\" \/>\n<meta property=\"og:locale\" content=\"sl_SI\" \/>\n<meta property=\"og:type\" content=\"article\" \/>\n<meta property=\"og:title\" content=\"Pravilnik povrnitev in vra\u010dil - Slatnar shop\" \/>\n<meta property=\"og:description\" content=\"Zavedamo se, da v\u010dasih va\u0161 nakup morda ne bo izpolnil va\u0161ih pri\u010dakovanj, zato smo tukaj, da vam omogo\u010dimo \u010dim bolj enostaven postopek vra\u010dila. Mo\u017enost vrnitve: Na\u0161a politika vra\u010danja omogo\u010da vra\u010dilo v 30 dneh od datuma nakupa. Po tem obdobju \u017eal ne bomo mogli obdelati va\u0161ega vra\u010dila. Izdelki morajo biti v originalnem stanju: \u010ce \u017eelite vrniti [&hellip;]\" \/>\n<meta property=\"og:url\" content=\"https:\/\/shop.slatnar.dev.wordpress.optiweb.si\/sl\/pravilnik-povrnitev-vracil\/\" \/>\n<meta property=\"og:site_name\" content=\"Slatnar shop\" \/>\n<meta property=\"article:modified_time\" content=\"2024-01-03T14:29:40+00:00\" \/>\n<meta name=\"twitter:card\" content=\"summary_large_image\" \/>\n<meta name=\"twitter:label1\" content=\"Est. reading time\" \/>\n\t<meta name=\"twitter:data1\" content=\"2 minutes\" \/>\n<script type=\"application\/ld+json\" class=\"yoast-schema-graph\">{\"@context\":\"https:\/\/schema.org\",\"@graph\":[{\"@type\":\"WebPage\",\"@id\":\"https:\/\/shop.slatnar.dev.wordpress.optiweb.si\/sl\/pravilnik-povrnitev-vracil\/\",\"url\":\"https:\/\/shop.slatnar.dev.wordpress.optiweb.si\/sl\/pravilnik-povrnitev-vracil\/\",\"name\":\"Pravilnik povrnitev in vra\u010dil - Slatnar shop\",\"isPartOf\":{\"@id\":\"https:\/\/shop.slatnar.dev.wordpress.optiweb.si\/#website\"},\"datePublished\":\"2024-01-03T13:38:39+00:00\",\"dateModified\":\"2024-01-03T14:29:40+00:00\",\"breadcrumb\":{\"@id\":\"https:\/\/shop.slatnar.dev.wordpress.optiweb.si\/sl\/pravilnik-povrnitev-vracil\/#breadcrumb\"},\"inLanguage\":\"sl-SI\",\"potentialAction\":[{\"@type\":\"ReadAction\",\"target\":[\"https:\/\/shop.slatnar.dev.wordpress.optiweb.si\/sl\/pravilnik-povrnitev-vracil\/\"]}]},{\"@type\":\"BreadcrumbList\",\"@id\":\"https:\/\/shop.slatnar.dev.wordpress.optiweb.si\/sl\/pravilnik-povrnitev-vracil\/#breadcrumb\",\"itemListElement\":[{\"@type\":\"ListItem\",\"position\":1,\"name\":\"\",\"item\":\"https:\/\/shop.slatnar.dev.wordpress.optiweb.si\/sl\/\"},{\"@type\":\"ListItem\",\"position\":2,\"name\":\"Pravilnik povrnitev in vra\u010dil\"}]},{\"@type\":\"WebSite\",\"@id\":\"https:\/\/shop.slatnar.dev.wordpress.optiweb.si\/#website\",\"url\":\"https:\/\/shop.slatnar.dev.wordpress.optiweb.si\/\",\"name\":\"Slatnar shop\",\"description\":\"\",\"publisher\":{\"@id\":\"https:\/\/shop.slatnar.dev.wordpress.optiweb.si\/#organization\"},\"potentialAction\":[{\"@type\":\"SearchAction\",\"target\":{\"@type\":\"EntryPoint\",\"urlTemplate\":\"https:\/\/shop.slatnar.dev.wordpress.optiweb.si\/?s={search_term_string}\"},\"query-input\":{\"@type\":\"PropertyValueSpecification\",\"valueRequired\":true,\"valueName\":\"search_term_string\"}}],\"inLanguage\":\"sl-SI\"},{\"@type\":\"Organization\",\"@id\":\"https:\/\/shop.slatnar.dev.wordpress.optiweb.si\/#organization\",\"name\":\"Slatnar shop\",\"url\":\"https:\/\/shop.slatnar.dev.wordpress.optiweb.si\/\",\"logo\":{\"@type\":\"ImageObject\",\"inLanguage\":\"sl-SI\",\"@id\":\"https:\/\/shop.slatnar.dev.wordpress.optiweb.si\/#\/schema\/logo\/image\/\",\"url\":\"https:\/\/shop.slatnar.dev.wordpress.optiweb.si\/app\/uploads\/2022\/08\/Logotip.svg\",\"contentUrl\":\"https:\/\/shop.slatnar.dev.wordpress.optiweb.si\/app\/uploads\/2022\/08\/Logotip.svg\",\"caption\":\"Slatnar shop\"},\"image\":{\"@id\":\"https:\/\/shop.slatnar.dev.wordpress.optiweb.si\/#\/schema\/logo\/image\/\"}}]}<\/script>\n<!-- \/ Yoast SEO plugin. -->","yoast_head_json":{"title":"Pravilnik povrnitev in vra\u010dil - Slatnar shop","robots":{"index":"noindex","follow":"follow","max-snippet":"max-snippet:-1","max-image-preview":"max-image-preview:large","max-video-preview":"max-video-preview:-1"},"og_locale":"sl_SI","og_type":"article","og_title":"Pravilnik povrnitev in vra\u010dil - Slatnar shop","og_description":"Zavedamo se, da v\u010dasih va\u0161 nakup morda ne bo izpolnil va\u0161ih pri\u010dakovanj, zato smo tukaj, da vam omogo\u010dimo \u010dim bolj enostaven postopek vra\u010dila. Mo\u017enost vrnitve: Na\u0161a politika vra\u010danja omogo\u010da vra\u010dilo v 30 dneh od datuma nakupa. Po tem obdobju \u017eal ne bomo mogli obdelati va\u0161ega vra\u010dila. Izdelki morajo biti v originalnem stanju: \u010ce \u017eelite vrniti [&hellip;]","og_url":"https:\/\/shop.slatnar.dev.wordpress.optiweb.si\/sl\/pravilnik-povrnitev-vracil\/","og_site_name":"Slatnar shop","article_modified_time":"2024-01-03T14:29:40+00:00","twitter_card":"summary_large_image","twitter_misc":{"Est. reading time":"2 minutes"},"schema":{"@context":"https:\/\/schema.org","@graph":[{"@type":"WebPage","@id":"https:\/\/shop.slatnar.dev.wordpress.optiweb.si\/sl\/pravilnik-povrnitev-vracil\/","url":"https:\/\/shop.slatnar.dev.wordpress.optiweb.si\/sl\/pravilnik-povrnitev-vracil\/","name":"Pravilnik povrnitev in vra\u010dil - Slatnar shop","isPartOf":{"@id":"https:\/\/shop.slatnar.dev.wordpress.optiweb.si\/#website"},"datePublished":"2024-01-03T13:38:39+00:00","dateModified":"2024-01-03T14:29:40+00:00","breadcrumb":{"@id":"https:\/\/shop.slatnar.dev.wordpress.optiweb.si\/sl\/pravilnik-povrnitev-vracil\/#breadcrumb"},"inLanguage":"sl-SI","potentialAction":[{"@type":"ReadAction","target":["https:\/\/shop.slatnar.dev.wordpress.optiweb.si\/sl\/pravilnik-povrnitev-vracil\/"]}]},{"@type":"BreadcrumbList","@id":"https:\/\/shop.slatnar.dev.wordpress.optiweb.si\/sl\/pravilnik-povrnitev-vracil\/#breadcrumb","itemListElement":[{"@type":"ListItem","position":1,"name":"","item":"https:\/\/shop.slatnar.dev.wordpress.optiweb.si\/sl\/"},{"@type":"ListItem","position":2,"name":"Pravilnik povrnitev in vra\u010dil"}]},{"@type":"WebSite","@id":"https:\/\/shop.slatnar.dev.wordpress.optiweb.si\/#website","url":"https:\/\/shop.slatnar.dev.wordpress.optiweb.si\/","name":"Slatnar shop","description":"","publisher":{"@id":"https:\/\/shop.slatnar.dev.wordpress.optiweb.si\/#organization"},"potentialAction":[{"@type":"SearchAction","target":{"@type":"EntryPoint","urlTemplate":"https:\/\/shop.slatnar.dev.wordpress.optiweb.si\/?s={search_term_string}"},"query-input":{"@type":"PropertyValueSpecification","valueRequired":true,"valueName":"search_term_string"}}],"inLanguage":"sl-SI"},{"@type":"Organization","@id":"https:\/\/shop.slatnar.dev.wordpress.optiweb.si\/#organization","name":"Slatnar shop","url":"https:\/\/shop.slatnar.dev.wordpress.optiweb.si\/","logo":{"@type":"ImageObject","inLanguage":"sl-SI","@id":"https:\/\/shop.slatnar.dev.wordpress.optiweb.si\/#\/schema\/logo\/image\/","url":"https:\/\/shop.slatnar.dev.wordpress.optiweb.si\/app\/uploads\/2022\/08\/Logotip.svg","contentUrl":"https:\/\/shop.slatnar.dev.wordpress.optiweb.si\/app\/uploads\/2022\/08\/Logotip.svg","caption":"Slatnar shop"},"image":{"@id":"https:\/\/shop.slatnar.dev.wordpress.optiweb.si\/#\/schema\/logo\/image\/"}}]}},"_links":{"self":[{"href":"https:\/\/shop.slatnar.dev.wordpress.optiweb.si\/sl\/wp-json\/wp\/v2\/pages\/14072","targetHints":{"allow":["GET"]}}],"collection":[{"href":"https:\/\/shop.slatnar.dev.wordpress.optiweb.si\/sl\/wp-json\/wp\/v2\/pages"}],"about":[{"href":"https:\/\/shop.slatnar.dev.wordpress.optiweb.si\/sl\/wp-json\/wp\/v2\/types\/page"}],"author":[{"embeddable":true,"href":"https:\/\/shop.slatnar.dev.wordpress.optiweb.si\/sl\/wp-json\/wp\/v2\/users\/1"}],"replies":[{"embeddable":true,"href":"https:\/\/shop.slatnar.dev.wordpress.optiweb.si\/sl\/wp-json\/wp\/v2\/comments?post=14072"}],"version-history":[{"count":6,"href":"https:\/\/shop.slatnar.dev.wordpress.optiweb.si\/sl\/wp-json\/wp\/v2\/pages\/14072\/revisions"}],"predecessor-version":[{"id":14106,"href":"https:\/\/shop.slatnar.dev.wordpress.optiweb.si\/sl\/wp-json\/wp\/v2\/pages\/14072\/revisions\/14106"}],"wp:attachment":[{"href":"https:\/\/shop.slatnar.dev.wordpress.optiweb.si\/sl\/wp-json\/wp\/v2\/media?parent=14072"}],"curies":[{"name":"wp","href":"https:\/\/api.w.org\/{rel}","templated":true}]}}