{"id":2780,"date":"2022-08-24T15:18:29","date_gmt":"2022-08-24T13:18:29","guid":{"rendered":"https:\/\/shop.slatnar.dev.wordpress.optiweb.si\/product\/schildkappe\/"},"modified":"2024-01-19T02:10:26","modified_gmt":"2024-01-19T01:10:26","slug":"snapback-cap","status":"publish","type":"product","link":"https:\/\/shop.slatnar.dev.wordpress.optiweb.si\/de\/produkt\/snapback-cap\/","title":{"rendered":"Snapback Cap"},"content":{"rendered":"<p>Diese Slatnar Snapback Cap ist ein Muss f\u00fcr alle, die eine stylische und funktionelle Skisprungm\u00fctze suchen. Das schwarz-wei\u00dfe Design ist ein echter Hingucker, w\u00e4hrend die UNI-Gr\u00f6\u00dfe und der Verschlussriemen f\u00fcr einen bequemen und sicheren Sitz sorgen. Zeigen Sie Ihre Unterst\u00fctzung f\u00fcr Slatnar, eine der f\u00fchrenden Skisprungfirmen, mit dieser stylischen und praktischen M\u00fctze. Egal ob Sie ein begeisterter Fan sind oder einfach nur eine neue M\u00fctze f\u00fcr die Wintermonate suchen, die Slatnar Black Snapback Cap ist die perfekte Wahl.<\/p>\n","protected":false},"excerpt":{"rendered":"<p>Diese Slatnar Snapback Cap ist ein Muss f\u00fcr alle, die eine stylische und funktionelle Skisprungm\u00fctze suchen. Das schwarz-wei\u00dfe Design ist ein echter Hingucker, w\u00e4hrend die UNI-Gr\u00f6\u00dfe und der Verschlussriemen f\u00fcr einen bequemen und sicheren Sitz sorgen. Zeigen Sie Ihre Unterst\u00fctzung f\u00fcr Slatnar, eine der f\u00fchrenden Skisprungfirmen, mit dieser stylischen und praktischen M\u00fctze. Egal ob Sie [&hellip;]<\/p>\n","protected":false},"featured_media":522,"template":"","meta":{"_acf_changed":false},"product_brand":[],"product_cat":[271],"product_tag":[],"class_list":{"0":"post-2780","1":"product","2":"type-product","3":"status-publish","4":"has-post-thumbnail","6":"product_cat-kleidung","8":"first","9":"outofstock","10":"taxable","11":"shipping-taxable","12":"purchasable","13":"product-type-simple"},"acf":[],"yoast_head":"<!-- This site is optimized with the Yoast SEO plugin v26.2 - https:\/\/yoast.com\/wordpress\/plugins\/seo\/ -->\n<title>Snapback Cap - Slatnar shop<\/title>\n<meta name=\"description\" content=\"Diese M\u00fctze in UNI-Gr\u00f6\u00dfe ist mit einem wei\u00dfen Logo versehen und verf\u00fcgt \u00fcber ein Befestigungsband zur Regulierung. Zeigen Sie Ihre Unterst\u00fctzung f\u00fcr das Unternehmen Slatnar mit diesem unverzichtbaren Accessoire.\" \/>\n<meta name=\"robots\" content=\"noindex, follow, max-snippet:-1, max-image-preview:large, max-video-preview:-1\" \/>\n<meta property=\"og:locale\" content=\"de_DE\" \/>\n<meta property=\"og:type\" content=\"article\" \/>\n<meta property=\"og:title\" content=\"Snapback Cap - Slatnar shop\" \/>\n<meta property=\"og:description\" content=\"Diese M\u00fctze in UNI-Gr\u00f6\u00dfe ist mit einem wei\u00dfen Logo versehen und verf\u00fcgt \u00fcber ein Befestigungsband zur Regulierung. Zeigen Sie Ihre Unterst\u00fctzung f\u00fcr das Unternehmen Slatnar mit diesem unverzichtbaren Accessoire.\" \/>\n<meta property=\"og:url\" content=\"https:\/\/shop.slatnar.dev.wordpress.optiweb.si\/de\/produkt\/snapback-cap\/\" \/>\n<meta property=\"og:site_name\" content=\"Slatnar shop\" \/>\n<meta property=\"article:modified_time\" content=\"2024-01-19T01:10:26+00:00\" \/>\n<meta property=\"og:image\" content=\"https:\/\/shop.slatnar.dev.wordpress.optiweb.si\/app\/uploads\/2022\/08\/ACCE012.jpg\" \/>\n\t<meta property=\"og:image:width\" content=\"1200\" \/>\n\t<meta property=\"og:image:height\" content=\"1200\" \/>\n\t<meta property=\"og:image:type\" content=\"image\/jpeg\" \/>\n<meta name=\"twitter:card\" content=\"summary_large_image\" \/>\n<meta name=\"twitter:label1\" content=\"Est. reading time\" \/>\n\t<meta name=\"twitter:data1\" content=\"1 minute\" \/>\n<script type=\"application\/ld+json\" class=\"yoast-schema-graph\">{\"@context\":\"https:\/\/schema.org\",\"@graph\":[{\"@type\":\"WebPage\",\"@id\":\"https:\/\/shop.slatnar.dev.wordpress.optiweb.si\/de\/produkt\/snapback-cap\/\",\"url\":\"https:\/\/shop.slatnar.dev.wordpress.optiweb.si\/de\/produkt\/snapback-cap\/\",\"name\":\"Snapback Cap - Slatnar shop\",\"isPartOf\":{\"@id\":\"https:\/\/shop.slatnar.dev.wordpress.optiweb.si\/#website\"},\"primaryImageOfPage\":{\"@id\":\"https:\/\/shop.slatnar.dev.wordpress.optiweb.si\/de\/produkt\/snapback-cap\/#primaryimage\"},\"image\":{\"@id\":\"https:\/\/shop.slatnar.dev.wordpress.optiweb.si\/de\/produkt\/snapback-cap\/#primaryimage\"},\"thumbnailUrl\":\"https:\/\/shop.slatnar.dev.wordpress.optiweb.si\/app\/uploads\/2022\/08\/ACCE012.jpg\",\"datePublished\":\"2022-08-24T13:18:29+00:00\",\"dateModified\":\"2024-01-19T01:10:26+00:00\",\"description\":\"Diese M\u00fctze in UNI-Gr\u00f6\u00dfe ist mit einem wei\u00dfen Logo versehen und verf\u00fcgt \u00fcber ein Befestigungsband zur Regulierung. Zeigen Sie Ihre Unterst\u00fctzung f\u00fcr das Unternehmen Slatnar mit diesem unverzichtbaren Accessoire.\",\"breadcrumb\":{\"@id\":\"https:\/\/shop.slatnar.dev.wordpress.optiweb.si\/de\/produkt\/snapback-cap\/#breadcrumb\"},\"inLanguage\":\"de-DE\",\"potentialAction\":[{\"@type\":\"ReadAction\",\"target\":[\"https:\/\/shop.slatnar.dev.wordpress.optiweb.si\/de\/produkt\/snapback-cap\/\"]}]},{\"@type\":\"ImageObject\",\"inLanguage\":\"de-DE\",\"@id\":\"https:\/\/shop.slatnar.dev.wordpress.optiweb.si\/de\/produkt\/snapback-cap\/#primaryimage\",\"url\":\"https:\/\/shop.slatnar.dev.wordpress.optiweb.si\/app\/uploads\/2022\/08\/ACCE012.jpg\",\"contentUrl\":\"https:\/\/shop.slatnar.dev.wordpress.optiweb.si\/app\/uploads\/2022\/08\/ACCE012.jpg\",\"width\":1200,\"height\":1200,\"caption\":\"Snapback cap Slatnar\"},{\"@type\":\"BreadcrumbList\",\"@id\":\"https:\/\/shop.slatnar.dev.wordpress.optiweb.si\/de\/produkt\/snapback-cap\/#breadcrumb\",\"itemListElement\":[{\"@type\":\"ListItem\",\"position\":1,\"name\":\"\",\"item\":\"https:\/\/shop.slatnar.dev.wordpress.optiweb.si\/de\/\"},{\"@type\":\"ListItem\",\"position\":2,\"name\":\"Products\",\"item\":\"https:\/\/shop.slatnar.dev.wordpress.optiweb.si\/shop\/\"},{\"@type\":\"ListItem\",\"position\":3,\"name\":\"Zusatzausr\u00fcstung\",\"item\":\"https:\/\/shop.slatnar.dev.wordpress.optiweb.si\/de\/produkt-kategorie\/zusatzausrustung\/\"},{\"@type\":\"ListItem\",\"position\":4,\"name\":\"Kleidung\",\"item\":\"https:\/\/shop.slatnar.dev.wordpress.optiweb.si\/de\/produkt-kategorie\/zusatzausrustung\/kleidung\/\"},{\"@type\":\"ListItem\",\"position\":5,\"name\":\"Snapback Cap\"}]},{\"@type\":\"WebSite\",\"@id\":\"https:\/\/shop.slatnar.dev.wordpress.optiweb.si\/#website\",\"url\":\"https:\/\/shop.slatnar.dev.wordpress.optiweb.si\/\",\"name\":\"Slatnar shop\",\"description\":\"\",\"publisher\":{\"@id\":\"https:\/\/shop.slatnar.dev.wordpress.optiweb.si\/#organization\"},\"potentialAction\":[{\"@type\":\"SearchAction\",\"target\":{\"@type\":\"EntryPoint\",\"urlTemplate\":\"https:\/\/shop.slatnar.dev.wordpress.optiweb.si\/?s={search_term_string}\"},\"query-input\":{\"@type\":\"PropertyValueSpecification\",\"valueRequired\":true,\"valueName\":\"search_term_string\"}}],\"inLanguage\":\"de-DE\"},{\"@type\":\"Organization\",\"@id\":\"https:\/\/shop.slatnar.dev.wordpress.optiweb.si\/#organization\",\"name\":\"Slatnar shop\",\"url\":\"https:\/\/shop.slatnar.dev.wordpress.optiweb.si\/\",\"logo\":{\"@type\":\"ImageObject\",\"inLanguage\":\"de-DE\",\"@id\":\"https:\/\/shop.slatnar.dev.wordpress.optiweb.si\/#\/schema\/logo\/image\/\",\"url\":\"https:\/\/shop.slatnar.dev.wordpress.optiweb.si\/app\/uploads\/2022\/08\/Logotip.svg\",\"contentUrl\":\"https:\/\/shop.slatnar.dev.wordpress.optiweb.si\/app\/uploads\/2022\/08\/Logotip.svg\",\"caption\":\"Slatnar shop\"},\"image\":{\"@id\":\"https:\/\/shop.slatnar.dev.wordpress.optiweb.si\/#\/schema\/logo\/image\/\"}}]}<\/script>\n<!-- \/ Yoast SEO plugin. -->","yoast_head_json":{"title":"Snapback Cap - Slatnar shop","description":"Diese M\u00fctze in UNI-Gr\u00f6\u00dfe ist mit einem wei\u00dfen Logo versehen und verf\u00fcgt \u00fcber ein Befestigungsband zur Regulierung. Zeigen Sie Ihre Unterst\u00fctzung f\u00fcr das Unternehmen Slatnar mit diesem unverzichtbaren Accessoire.","robots":{"index":"noindex","follow":"follow","max-snippet":"max-snippet:-1","max-image-preview":"max-image-preview:large","max-video-preview":"max-video-preview:-1"},"og_locale":"de_DE","og_type":"article","og_title":"Snapback Cap - Slatnar shop","og_description":"Diese M\u00fctze in UNI-Gr\u00f6\u00dfe ist mit einem wei\u00dfen Logo versehen und verf\u00fcgt \u00fcber ein Befestigungsband zur Regulierung. Zeigen Sie Ihre Unterst\u00fctzung f\u00fcr das Unternehmen Slatnar mit diesem unverzichtbaren Accessoire.","og_url":"https:\/\/shop.slatnar.dev.wordpress.optiweb.si\/de\/produkt\/snapback-cap\/","og_site_name":"Slatnar shop","article_modified_time":"2024-01-19T01:10:26+00:00","og_image":[{"width":1200,"height":1200,"url":"https:\/\/shop.slatnar.dev.wordpress.optiweb.si\/app\/uploads\/2022\/08\/ACCE012.jpg","type":"image\/jpeg"}],"twitter_card":"summary_large_image","twitter_misc":{"Est. reading time":"1 minute"},"schema":{"@context":"https:\/\/schema.org","@graph":[{"@type":"WebPage","@id":"https:\/\/shop.slatnar.dev.wordpress.optiweb.si\/de\/produkt\/snapback-cap\/","url":"https:\/\/shop.slatnar.dev.wordpress.optiweb.si\/de\/produkt\/snapback-cap\/","name":"Snapback Cap - Slatnar shop","isPartOf":{"@id":"https:\/\/shop.slatnar.dev.wordpress.optiweb.si\/#website"},"primaryImageOfPage":{"@id":"https:\/\/shop.slatnar.dev.wordpress.optiweb.si\/de\/produkt\/snapback-cap\/#primaryimage"},"image":{"@id":"https:\/\/shop.slatnar.dev.wordpress.optiweb.si\/de\/produkt\/snapback-cap\/#primaryimage"},"thumbnailUrl":"https:\/\/shop.slatnar.dev.wordpress.optiweb.si\/app\/uploads\/2022\/08\/ACCE012.jpg","datePublished":"2022-08-24T13:18:29+00:00","dateModified":"2024-01-19T01:10:26+00:00","description":"Diese M\u00fctze in UNI-Gr\u00f6\u00dfe ist mit einem wei\u00dfen Logo versehen und verf\u00fcgt \u00fcber ein Befestigungsband zur Regulierung. Zeigen Sie Ihre Unterst\u00fctzung f\u00fcr das Unternehmen Slatnar mit diesem unverzichtbaren Accessoire.","breadcrumb":{"@id":"https:\/\/shop.slatnar.dev.wordpress.optiweb.si\/de\/produkt\/snapback-cap\/#breadcrumb"},"inLanguage":"de-DE","potentialAction":[{"@type":"ReadAction","target":["https:\/\/shop.slatnar.dev.wordpress.optiweb.si\/de\/produkt\/snapback-cap\/"]}]},{"@type":"ImageObject","inLanguage":"de-DE","@id":"https:\/\/shop.slatnar.dev.wordpress.optiweb.si\/de\/produkt\/snapback-cap\/#primaryimage","url":"https:\/\/shop.slatnar.dev.wordpress.optiweb.si\/app\/uploads\/2022\/08\/ACCE012.jpg","contentUrl":"https:\/\/shop.slatnar.dev.wordpress.optiweb.si\/app\/uploads\/2022\/08\/ACCE012.jpg","width":1200,"height":1200,"caption":"Snapback cap Slatnar"},{"@type":"BreadcrumbList","@id":"https:\/\/shop.slatnar.dev.wordpress.optiweb.si\/de\/produkt\/snapback-cap\/#breadcrumb","itemListElement":[{"@type":"ListItem","position":1,"name":"","item":"https:\/\/shop.slatnar.dev.wordpress.optiweb.si\/de\/"},{"@type":"ListItem","position":2,"name":"Products","item":"https:\/\/shop.slatnar.dev.wordpress.optiweb.si\/shop\/"},{"@type":"ListItem","position":3,"name":"Zusatzausr\u00fcstung","item":"https:\/\/shop.slatnar.dev.wordpress.optiweb.si\/de\/produkt-kategorie\/zusatzausrustung\/"},{"@type":"ListItem","position":4,"name":"Kleidung","item":"https:\/\/shop.slatnar.dev.wordpress.optiweb.si\/de\/produkt-kategorie\/zusatzausrustung\/kleidung\/"},{"@type":"ListItem","position":5,"name":"Snapback Cap"}]},{"@type":"WebSite","@id":"https:\/\/shop.slatnar.dev.wordpress.optiweb.si\/#website","url":"https:\/\/shop.slatnar.dev.wordpress.optiweb.si\/","name":"Slatnar shop","description":"","publisher":{"@id":"https:\/\/shop.slatnar.dev.wordpress.optiweb.si\/#organization"},"potentialAction":[{"@type":"SearchAction","target":{"@type":"EntryPoint","urlTemplate":"https:\/\/shop.slatnar.dev.wordpress.optiweb.si\/?s={search_term_string}"},"query-input":{"@type":"PropertyValueSpecification","valueRequired":true,"valueName":"search_term_string"}}],"inLanguage":"de-DE"},{"@type":"Organization","@id":"https:\/\/shop.slatnar.dev.wordpress.optiweb.si\/#organization","name":"Slatnar shop","url":"https:\/\/shop.slatnar.dev.wordpress.optiweb.si\/","logo":{"@type":"ImageObject","inLanguage":"de-DE","@id":"https:\/\/shop.slatnar.dev.wordpress.optiweb.si\/#\/schema\/logo\/image\/","url":"https:\/\/shop.slatnar.dev.wordpress.optiweb.si\/app\/uploads\/2022\/08\/Logotip.svg","contentUrl":"https:\/\/shop.slatnar.dev.wordpress.optiweb.si\/app\/uploads\/2022\/08\/Logotip.svg","caption":"Slatnar shop"},"image":{"@id":"https:\/\/shop.slatnar.dev.wordpress.optiweb.si\/#\/schema\/logo\/image\/"}}]}},"_links":{"self":[{"href":"https:\/\/shop.slatnar.dev.wordpress.optiweb.si\/de\/wp-json\/wp\/v2\/product\/2780","targetHints":{"allow":["GET"]}}],"collection":[{"href":"https:\/\/shop.slatnar.dev.wordpress.optiweb.si\/de\/wp-json\/wp\/v2\/product"}],"about":[{"href":"https:\/\/shop.slatnar.dev.wordpress.optiweb.si\/de\/wp-json\/wp\/v2\/types\/product"}],"wp:featuredmedia":[{"embeddable":true,"href":"https:\/\/shop.slatnar.dev.wordpress.optiweb.si\/de\/wp-json\/wp\/v2\/media\/522"}],"wp:attachment":[{"href":"https:\/\/shop.slatnar.dev.wordpress.optiweb.si\/de\/wp-json\/wp\/v2\/media?parent=2780"}],"wp:term":[{"taxonomy":"product_brand","embeddable":true,"href":"https:\/\/shop.slatnar.dev.wordpress.optiweb.si\/de\/wp-json\/wp\/v2\/product_brand?post=2780"},{"taxonomy":"product_cat","embeddable":true,"href":"https:\/\/shop.slatnar.dev.wordpress.optiweb.si\/de\/wp-json\/wp\/v2\/product_cat?post=2780"},{"taxonomy":"product_tag","embeddable":true,"href":"https:\/\/shop.slatnar.dev.wordpress.optiweb.si\/de\/wp-json\/wp\/v2\/product_tag?post=2780"}],"curies":[{"name":"wp","href":"https:\/\/api.w.org\/{rel}","templated":true}]}}