{"id":2095,"date":"2022-08-25T21:53:36","date_gmt":"2022-08-25T19:53:36","guid":{"rendered":"https:\/\/shop.slatnar.dev.wordpress.optiweb.si\/product\/heiser-wachs-performance-blau\/"},"modified":"2024-01-19T02:10:12","modified_gmt":"2024-01-19T01:10:12","slug":"base-performance-blue","status":"publish","type":"product","link":"https:\/\/shop.slatnar.dev.wordpress.optiweb.si\/de\/produkt\/base-performance-blue\/","title":{"rendered":"Toko Base Performance Blue"},"content":{"rendered":"<p><strong>Hartes \u00f6kologisches HydroCarbon-Wax f\u00fcr Trainingseins\u00e4tze und zur Pflege strapazierter und ausgelaugter Bel\u00e4ge.<br \/>\n<\/strong>Anwendung und Eigenschaften:<\/p>\n<div class=\"description\">\n<ul>\n<li>F\u00fcr kalte und aggressive Schneeverh\u00e4ltnisse<\/li>\n<li>Biologisch abbaubar<\/li>\n<li>Ideal f\u00fcr den Trainingseinsatz und f\u00fcr ambitionierte Freizeitsportler<\/li>\n<li>Wiederverschliessbares Waxcase<\/li>\n<\/ul>\n<\/div>\n","protected":false},"excerpt":{"rendered":"<p>Hartes \u00f6kologisches HydroCarbon-Wax f\u00fcr Trainingseins\u00e4tze und zur Pflege strapazierter und ausgelaugter Bel\u00e4ge. Anwendung und Eigenschaften: F\u00fcr kalte und aggressive Schneeverh\u00e4ltnisse Biologisch abbaubar Ideal f\u00fcr den Trainingseinsatz und f\u00fcr ambitionierte Freizeitsportler Wiederverschliessbares Waxcase<\/p>\n","protected":false},"featured_media":12489,"template":"","meta":{"_acf_changed":false},"product_brand":[],"product_cat":[353],"product_tag":[],"class_list":{"0":"post-2095","1":"product","2":"type-product","3":"status-publish","4":"has-post-thumbnail","6":"product_cat-winterwachs","8":"first","9":"instock","10":"sale","11":"taxable","12":"shipping-taxable","13":"purchasable","14":"product-type-simple"},"acf":[],"yoast_head":"<!-- This site is optimized with the Yoast SEO plugin v26.2 - https:\/\/yoast.com\/wordpress\/plugins\/seo\/ -->\n<title>Toko Base Performance Blue - Slatnar shop<\/title>\n<meta name=\"robots\" content=\"noindex, follow, max-snippet:-1, max-image-preview:large, max-video-preview:-1\" \/>\n<meta property=\"og:locale\" content=\"de_DE\" \/>\n<meta property=\"og:type\" content=\"article\" \/>\n<meta property=\"og:title\" content=\"Toko Base Performance Blue - Slatnar shop\" \/>\n<meta property=\"og:description\" content=\"Hartes \u00f6kologisches HydroCarbon-Wax f\u00fcr Trainingseins\u00e4tze und zur Pflege strapazierter und ausgelaugter Bel\u00e4ge. Anwendung und Eigenschaften: F\u00fcr kalte und aggressive Schneeverh\u00e4ltnisse Biologisch abbaubar Ideal f\u00fcr den Trainingseinsatz und f\u00fcr ambitionierte Freizeitsportler Wiederverschliessbares Waxcase\" \/>\n<meta property=\"og:url\" content=\"https:\/\/shop.slatnar.dev.wordpress.optiweb.si\/de\/produkt\/base-performance-blue\/\" \/>\n<meta property=\"og:site_name\" content=\"Slatnar shop\" \/>\n<meta property=\"article:modified_time\" content=\"2024-01-19T01:10:12+00:00\" \/>\n<meta property=\"og:image\" content=\"https:\/\/shop.slatnar.dev.wordpress.optiweb.si\/app\/uploads\/2022\/08\/5502037_Base-Performance_blue_120g.png\" \/>\n\t<meta property=\"og:image:width\" content=\"2000\" \/>\n\t<meta property=\"og:image:height\" content=\"1500\" \/>\n\t<meta property=\"og:image:type\" content=\"image\/png\" \/>\n<meta name=\"twitter:card\" content=\"summary_large_image\" \/>\n<meta name=\"twitter:label1\" content=\"Est. reading time\" \/>\n\t<meta name=\"twitter:data1\" content=\"1 minute\" \/>\n<script type=\"application\/ld+json\" class=\"yoast-schema-graph\">{\"@context\":\"https:\/\/schema.org\",\"@graph\":[{\"@type\":\"WebPage\",\"@id\":\"https:\/\/shop.slatnar.dev.wordpress.optiweb.si\/de\/produkt\/base-performance-blue\/\",\"url\":\"https:\/\/shop.slatnar.dev.wordpress.optiweb.si\/de\/produkt\/base-performance-blue\/\",\"name\":\"Toko Base Performance Blue - Slatnar shop\",\"isPartOf\":{\"@id\":\"https:\/\/shop.slatnar.dev.wordpress.optiweb.si\/#website\"},\"primaryImageOfPage\":{\"@id\":\"https:\/\/shop.slatnar.dev.wordpress.optiweb.si\/de\/produkt\/base-performance-blue\/#primaryimage\"},\"image\":{\"@id\":\"https:\/\/shop.slatnar.dev.wordpress.optiweb.si\/de\/produkt\/base-performance-blue\/#primaryimage\"},\"thumbnailUrl\":\"https:\/\/shop.slatnar.dev.wordpress.optiweb.si\/app\/uploads\/2022\/08\/5502037_Base-Performance_blue_120g.png\",\"datePublished\":\"2022-08-25T19:53:36+00:00\",\"dateModified\":\"2024-01-19T01:10:12+00:00\",\"breadcrumb\":{\"@id\":\"https:\/\/shop.slatnar.dev.wordpress.optiweb.si\/de\/produkt\/base-performance-blue\/#breadcrumb\"},\"inLanguage\":\"de-DE\",\"potentialAction\":[{\"@type\":\"ReadAction\",\"target\":[\"https:\/\/shop.slatnar.dev.wordpress.optiweb.si\/de\/produkt\/base-performance-blue\/\"]}]},{\"@type\":\"ImageObject\",\"inLanguage\":\"de-DE\",\"@id\":\"https:\/\/shop.slatnar.dev.wordpress.optiweb.si\/de\/produkt\/base-performance-blue\/#primaryimage\",\"url\":\"https:\/\/shop.slatnar.dev.wordpress.optiweb.si\/app\/uploads\/2022\/08\/5502037_Base-Performance_blue_120g.png\",\"contentUrl\":\"https:\/\/shop.slatnar.dev.wordpress.optiweb.si\/app\/uploads\/2022\/08\/5502037_Base-Performance_blue_120g.png\",\"width\":2000,\"height\":1500},{\"@type\":\"BreadcrumbList\",\"@id\":\"https:\/\/shop.slatnar.dev.wordpress.optiweb.si\/de\/produkt\/base-performance-blue\/#breadcrumb\",\"itemListElement\":[{\"@type\":\"ListItem\",\"position\":1,\"name\":\"\",\"item\":\"https:\/\/shop.slatnar.dev.wordpress.optiweb.si\/de\/\"},{\"@type\":\"ListItem\",\"position\":2,\"name\":\"Products\",\"item\":\"https:\/\/shop.slatnar.dev.wordpress.optiweb.si\/shop\/\"},{\"@type\":\"ListItem\",\"position\":3,\"name\":\"Wachs und Serviceger\u00e4te\",\"item\":\"https:\/\/shop.slatnar.dev.wordpress.optiweb.si\/de\/produkt-kategorie\/wachs-und-servicegeraete\/\"},{\"@type\":\"ListItem\",\"position\":4,\"name\":\"Skiwachs\",\"item\":\"https:\/\/shop.slatnar.dev.wordpress.optiweb.si\/de\/produkt-kategorie\/wachs-und-servicegeraete\/skiwachs\/\"},{\"@type\":\"ListItem\",\"position\":5,\"name\":\"Winterwachs\",\"item\":\"https:\/\/shop.slatnar.dev.wordpress.optiweb.si\/de\/produkt-kategorie\/wachs-und-servicegeraete\/skiwachs\/winterwachs\/\"},{\"@type\":\"ListItem\",\"position\":6,\"name\":\"Toko Base Performance Blue\"}]},{\"@type\":\"WebSite\",\"@id\":\"https:\/\/shop.slatnar.dev.wordpress.optiweb.si\/#website\",\"url\":\"https:\/\/shop.slatnar.dev.wordpress.optiweb.si\/\",\"name\":\"Slatnar shop\",\"description\":\"\",\"publisher\":{\"@id\":\"https:\/\/shop.slatnar.dev.wordpress.optiweb.si\/#organization\"},\"potentialAction\":[{\"@type\":\"SearchAction\",\"target\":{\"@type\":\"EntryPoint\",\"urlTemplate\":\"https:\/\/shop.slatnar.dev.wordpress.optiweb.si\/?s={search_term_string}\"},\"query-input\":{\"@type\":\"PropertyValueSpecification\",\"valueRequired\":true,\"valueName\":\"search_term_string\"}}],\"inLanguage\":\"de-DE\"},{\"@type\":\"Organization\",\"@id\":\"https:\/\/shop.slatnar.dev.wordpress.optiweb.si\/#organization\",\"name\":\"Slatnar shop\",\"url\":\"https:\/\/shop.slatnar.dev.wordpress.optiweb.si\/\",\"logo\":{\"@type\":\"ImageObject\",\"inLanguage\":\"de-DE\",\"@id\":\"https:\/\/shop.slatnar.dev.wordpress.optiweb.si\/#\/schema\/logo\/image\/\",\"url\":\"https:\/\/shop.slatnar.dev.wordpress.optiweb.si\/app\/uploads\/2022\/08\/Logotip.svg\",\"contentUrl\":\"https:\/\/shop.slatnar.dev.wordpress.optiweb.si\/app\/uploads\/2022\/08\/Logotip.svg\",\"caption\":\"Slatnar shop\"},\"image\":{\"@id\":\"https:\/\/shop.slatnar.dev.wordpress.optiweb.si\/#\/schema\/logo\/image\/\"}}]}<\/script>\n<!-- \/ Yoast SEO plugin. -->","yoast_head_json":{"title":"Toko Base Performance Blue - Slatnar shop","robots":{"index":"noindex","follow":"follow","max-snippet":"max-snippet:-1","max-image-preview":"max-image-preview:large","max-video-preview":"max-video-preview:-1"},"og_locale":"de_DE","og_type":"article","og_title":"Toko Base Performance Blue - Slatnar shop","og_description":"Hartes \u00f6kologisches HydroCarbon-Wax f\u00fcr Trainingseins\u00e4tze und zur Pflege strapazierter und ausgelaugter Bel\u00e4ge. Anwendung und Eigenschaften: F\u00fcr kalte und aggressive Schneeverh\u00e4ltnisse Biologisch abbaubar Ideal f\u00fcr den Trainingseinsatz und f\u00fcr ambitionierte Freizeitsportler Wiederverschliessbares Waxcase","og_url":"https:\/\/shop.slatnar.dev.wordpress.optiweb.si\/de\/produkt\/base-performance-blue\/","og_site_name":"Slatnar shop","article_modified_time":"2024-01-19T01:10:12+00:00","og_image":[{"width":2000,"height":1500,"url":"https:\/\/shop.slatnar.dev.wordpress.optiweb.si\/app\/uploads\/2022\/08\/5502037_Base-Performance_blue_120g.png","type":"image\/png"}],"twitter_card":"summary_large_image","twitter_misc":{"Est. reading time":"1 minute"},"schema":{"@context":"https:\/\/schema.org","@graph":[{"@type":"WebPage","@id":"https:\/\/shop.slatnar.dev.wordpress.optiweb.si\/de\/produkt\/base-performance-blue\/","url":"https:\/\/shop.slatnar.dev.wordpress.optiweb.si\/de\/produkt\/base-performance-blue\/","name":"Toko Base Performance Blue - Slatnar shop","isPartOf":{"@id":"https:\/\/shop.slatnar.dev.wordpress.optiweb.si\/#website"},"primaryImageOfPage":{"@id":"https:\/\/shop.slatnar.dev.wordpress.optiweb.si\/de\/produkt\/base-performance-blue\/#primaryimage"},"image":{"@id":"https:\/\/shop.slatnar.dev.wordpress.optiweb.si\/de\/produkt\/base-performance-blue\/#primaryimage"},"thumbnailUrl":"https:\/\/shop.slatnar.dev.wordpress.optiweb.si\/app\/uploads\/2022\/08\/5502037_Base-Performance_blue_120g.png","datePublished":"2022-08-25T19:53:36+00:00","dateModified":"2024-01-19T01:10:12+00:00","breadcrumb":{"@id":"https:\/\/shop.slatnar.dev.wordpress.optiweb.si\/de\/produkt\/base-performance-blue\/#breadcrumb"},"inLanguage":"de-DE","potentialAction":[{"@type":"ReadAction","target":["https:\/\/shop.slatnar.dev.wordpress.optiweb.si\/de\/produkt\/base-performance-blue\/"]}]},{"@type":"ImageObject","inLanguage":"de-DE","@id":"https:\/\/shop.slatnar.dev.wordpress.optiweb.si\/de\/produkt\/base-performance-blue\/#primaryimage","url":"https:\/\/shop.slatnar.dev.wordpress.optiweb.si\/app\/uploads\/2022\/08\/5502037_Base-Performance_blue_120g.png","contentUrl":"https:\/\/shop.slatnar.dev.wordpress.optiweb.si\/app\/uploads\/2022\/08\/5502037_Base-Performance_blue_120g.png","width":2000,"height":1500},{"@type":"BreadcrumbList","@id":"https:\/\/shop.slatnar.dev.wordpress.optiweb.si\/de\/produkt\/base-performance-blue\/#breadcrumb","itemListElement":[{"@type":"ListItem","position":1,"name":"","item":"https:\/\/shop.slatnar.dev.wordpress.optiweb.si\/de\/"},{"@type":"ListItem","position":2,"name":"Products","item":"https:\/\/shop.slatnar.dev.wordpress.optiweb.si\/shop\/"},{"@type":"ListItem","position":3,"name":"Wachs und Serviceger\u00e4te","item":"https:\/\/shop.slatnar.dev.wordpress.optiweb.si\/de\/produkt-kategorie\/wachs-und-servicegeraete\/"},{"@type":"ListItem","position":4,"name":"Skiwachs","item":"https:\/\/shop.slatnar.dev.wordpress.optiweb.si\/de\/produkt-kategorie\/wachs-und-servicegeraete\/skiwachs\/"},{"@type":"ListItem","position":5,"name":"Winterwachs","item":"https:\/\/shop.slatnar.dev.wordpress.optiweb.si\/de\/produkt-kategorie\/wachs-und-servicegeraete\/skiwachs\/winterwachs\/"},{"@type":"ListItem","position":6,"name":"Toko Base Performance Blue"}]},{"@type":"WebSite","@id":"https:\/\/shop.slatnar.dev.wordpress.optiweb.si\/#website","url":"https:\/\/shop.slatnar.dev.wordpress.optiweb.si\/","name":"Slatnar shop","description":"","publisher":{"@id":"https:\/\/shop.slatnar.dev.wordpress.optiweb.si\/#organization"},"potentialAction":[{"@type":"SearchAction","target":{"@type":"EntryPoint","urlTemplate":"https:\/\/shop.slatnar.dev.wordpress.optiweb.si\/?s={search_term_string}"},"query-input":{"@type":"PropertyValueSpecification","valueRequired":true,"valueName":"search_term_string"}}],"inLanguage":"de-DE"},{"@type":"Organization","@id":"https:\/\/shop.slatnar.dev.wordpress.optiweb.si\/#organization","name":"Slatnar shop","url":"https:\/\/shop.slatnar.dev.wordpress.optiweb.si\/","logo":{"@type":"ImageObject","inLanguage":"de-DE","@id":"https:\/\/shop.slatnar.dev.wordpress.optiweb.si\/#\/schema\/logo\/image\/","url":"https:\/\/shop.slatnar.dev.wordpress.optiweb.si\/app\/uploads\/2022\/08\/Logotip.svg","contentUrl":"https:\/\/shop.slatnar.dev.wordpress.optiweb.si\/app\/uploads\/2022\/08\/Logotip.svg","caption":"Slatnar shop"},"image":{"@id":"https:\/\/shop.slatnar.dev.wordpress.optiweb.si\/#\/schema\/logo\/image\/"}}]}},"_links":{"self":[{"href":"https:\/\/shop.slatnar.dev.wordpress.optiweb.si\/de\/wp-json\/wp\/v2\/product\/2095","targetHints":{"allow":["GET"]}}],"collection":[{"href":"https:\/\/shop.slatnar.dev.wordpress.optiweb.si\/de\/wp-json\/wp\/v2\/product"}],"about":[{"href":"https:\/\/shop.slatnar.dev.wordpress.optiweb.si\/de\/wp-json\/wp\/v2\/types\/product"}],"wp:featuredmedia":[{"embeddable":true,"href":"https:\/\/shop.slatnar.dev.wordpress.optiweb.si\/de\/wp-json\/wp\/v2\/media\/12489"}],"wp:attachment":[{"href":"https:\/\/shop.slatnar.dev.wordpress.optiweb.si\/de\/wp-json\/wp\/v2\/media?parent=2095"}],"wp:term":[{"taxonomy":"product_brand","embeddable":true,"href":"https:\/\/shop.slatnar.dev.wordpress.optiweb.si\/de\/wp-json\/wp\/v2\/product_brand?post=2095"},{"taxonomy":"product_cat","embeddable":true,"href":"https:\/\/shop.slatnar.dev.wordpress.optiweb.si\/de\/wp-json\/wp\/v2\/product_cat?post=2095"},{"taxonomy":"product_tag","embeddable":true,"href":"https:\/\/shop.slatnar.dev.wordpress.optiweb.si\/de\/wp-json\/wp\/v2\/product_tag?post=2095"}],"curies":[{"name":"wp","href":"https:\/\/api.w.org\/{rel}","templated":true}]}}